{"id":1817,"date":"2021-04-01T13:29:14","date_gmt":"2021-04-01T11:29:14","guid":{"rendered":"https:\/\/www.bek-consulting.eu\/conseiller-juridique\/fabrieksgarantie\/"},"modified":"2025-08-26T12:47:17","modified_gmt":"2025-08-26T10:47:17","slug":"garanties","status":"publish","type":"page","link":"https:\/\/www.bek-consulting.eu\/fr\/assistance-juridique\/garanties\/","title":{"rendered":"Garanties"},"content":{"rendered":"\t\t<div data-elementor-type=\"wp-page\" data-elementor-id=\"1817\" class=\"elementor elementor-1817 elementor-1807\" data-elementor-post-type=\"page\">\n\t\t\t\t\t\t<section class=\"elementor-section elementor-top-section elementor-element elementor-element-2a04bbc0 elementor-section-boxed elementor-section-height-default elementor-section-height-default\" data-id=\"2a04bbc0\" data-element_type=\"section\" data-settings=\"{&quot;jet_parallax_layout_list&quot;:[{&quot;jet_parallax_layout_image&quot;:{&quot;url&quot;:&quot;&quot;,&quot;id&quot;:&quot;&quot;,&quot;size&quot;:&quot;&quot;},&quot;_id&quot;:&quot;bd17729&quot;,&quot;jet_parallax_layout_speed&quot;:{&quot;unit&quot;:&quot;%&quot;,&quot;size&quot;:&quot;50&quot;,&quot;sizes&quot;:[]},&quot;jet_parallax_layout_bg_x&quot;:&quot;50&quot;,&quot;jet_parallax_layout_bg_y&quot;:&quot;50&quot;,&quot;jet_parallax_layout_image_tablet&quot;:{&quot;url&quot;:&quot;&quot;,&quot;id&quot;:&quot;&quot;,&quot;size&quot;:&quot;&quot;},&quot;jet_parallax_layout_image_mobile&quot;:{&quot;url&quot;:&quot;&quot;,&quot;id&quot;:&quot;&quot;,&quot;size&quot;:&quot;&quot;},&quot;jet_parallax_layout_type&quot;:&quot;scroll&quot;,&quot;jet_parallax_layout_direction&quot;:null,&quot;jet_parallax_layout_fx_direction&quot;:null,&quot;jet_parallax_layout_z_index&quot;:&quot;&quot;,&quot;jet_parallax_layout_bg_x_tablet&quot;:&quot;&quot;,&quot;jet_parallax_layout_bg_x_mobile&quot;:&quot;&quot;,&quot;jet_parallax_layout_bg_y_tablet&quot;:&quot;&quot;,&quot;jet_parallax_layout_bg_y_mobile&quot;:&quot;&quot;,&quot;jet_parallax_layout_bg_size&quot;:&quot;auto&quot;,&quot;jet_parallax_layout_bg_size_tablet&quot;:&quot;&quot;,&quot;jet_parallax_layout_bg_size_mobile&quot;:&quot;&quot;,&quot;jet_parallax_layout_animation_prop&quot;:&quot;transform&quot;,&quot;jet_parallax_layout_on&quot;:[&quot;desktop&quot;,&quot;tablet&quot;]}],&quot;background_background&quot;:&quot;classic&quot;}\">\n\t\t\t\t\t\t\t<div class=\"elementor-background-overlay\"><\/div>\n\t\t\t\t\t\t\t<div class=\"elementor-container elementor-column-gap-no\">\n\t\t\t\t\t<div class=\"elementor-column elementor-col-50 elementor-top-column elementor-element elementor-element-56f442a\" data-id=\"56f442a\" data-element_type=\"column\">\n\t\t\t<div class=\"elementor-widget-wrap elementor-element-populated\">\n\t\t\t\t\t\t<div class=\"elementor-element elementor-element-d411ab3 elementor-widget elementor-widget-heading\" data-id=\"d411ab3\" data-element_type=\"widget\" data-widget_type=\"heading.default\">\n\t\t\t\t<div class=\"elementor-widget-container\">\n\t\t\t\t\t<h1 class=\"elementor-heading-title elementor-size-default\">Garanties<\/h1>\t\t\t\t<\/div>\n\t\t\t\t<\/div>\n\t\t\t\t<div class=\"elementor-element elementor-element-77db5fac elementor-hidden-phone elementor-align-left elementor-widget elementor-widget-raven-breadcrumbs\" data-id=\"77db5fac\" data-element_type=\"widget\" data-widget_type=\"raven-breadcrumbs.default\">\n\t\t\t\t<div class=\"elementor-widget-container\">\n\t\t\t\t\t<div class=\"raven-breadcrumbs raven-breadcrumbs-default\"><div class=\"breadcrumb\">\t\t\t\t<div class=\"breadcrumb-item active\" aria-current=\"page\"><span>Home<\/span><\/div>\n\n\t\t\t\t<\/div><\/div>\t\t\t\t<\/div>\n\t\t\t\t<\/div>\n\t\t\t\t\t<\/div>\n\t\t<\/div>\n\t\t\t\t<div class=\"elementor-column elementor-col-50 elementor-top-column elementor-element elementor-element-13457a26\" data-id=\"13457a26\" data-element_type=\"column\">\n\t\t\t<div class=\"elementor-widget-wrap\">\n\t\t\t\t\t\t\t<\/div>\n\t\t<\/div>\n\t\t\t\t\t<\/div>\n\t\t<\/section>\n\t\t\t\t<section class=\"elementor-section elementor-top-section elementor-element elementor-element-5697072 elementor-reverse-mobile elementor-section-boxed elementor-section-height-default elementor-section-height-default\" data-id=\"5697072\" data-element_type=\"section\" data-settings=\"{&quot;jet_parallax_layout_list&quot;:[{&quot;jet_parallax_layout_image&quot;:{&quot;url&quot;:&quot;&quot;,&quot;id&quot;:&quot;&quot;,&quot;size&quot;:&quot;&quot;},&quot;_id&quot;:&quot;b794500&quot;,&quot;jet_parallax_layout_speed&quot;:{&quot;unit&quot;:&quot;%&quot;,&quot;size&quot;:&quot;50&quot;,&quot;sizes&quot;:[]},&quot;jet_parallax_layout_bg_x&quot;:&quot;50&quot;,&quot;jet_parallax_layout_bg_y&quot;:&quot;50&quot;,&quot;jet_parallax_layout_image_tablet&quot;:{&quot;url&quot;:&quot;&quot;,&quot;id&quot;:&quot;&quot;,&quot;size&quot;:&quot;&quot;},&quot;jet_parallax_layout_image_mobile&quot;:{&quot;url&quot;:&quot;&quot;,&quot;id&quot;:&quot;&quot;,&quot;size&quot;:&quot;&quot;},&quot;jet_parallax_layout_type&quot;:&quot;scroll&quot;,&quot;jet_parallax_layout_direction&quot;:null,&quot;jet_parallax_layout_fx_direction&quot;:null,&quot;jet_parallax_layout_z_index&quot;:&quot;&quot;,&quot;jet_parallax_layout_bg_x_tablet&quot;:&quot;&quot;,&quot;jet_parallax_layout_bg_x_mobile&quot;:&quot;&quot;,&quot;jet_parallax_layout_bg_y_tablet&quot;:&quot;&quot;,&quot;jet_parallax_layout_bg_y_mobile&quot;:&quot;&quot;,&quot;jet_parallax_layout_bg_size&quot;:&quot;auto&quot;,&quot;jet_parallax_layout_bg_size_tablet&quot;:&quot;&quot;,&quot;jet_parallax_layout_bg_size_mobile&quot;:&quot;&quot;,&quot;jet_parallax_layout_animation_prop&quot;:&quot;transform&quot;,&quot;jet_parallax_layout_on&quot;:[&quot;desktop&quot;,&quot;tablet&quot;]}],&quot;background_background&quot;:&quot;classic&quot;}\">\n\t\t\t\t\t\t<div class=\"elementor-container elementor-column-gap-no\">\n\t\t\t\t\t<div class=\"elementor-column elementor-col-50 elementor-top-column elementor-element elementor-element-b1775d6\" data-id=\"b1775d6\" data-element_type=\"column\">\n\t\t\t<div class=\"elementor-widget-wrap elementor-element-populated\">\n\t\t\t\t\t\t<div class=\"elementor-element elementor-element-26d16516 elementor-widget elementor-widget-template\" data-id=\"26d16516\" data-element_type=\"widget\" data-widget_type=\"template.default\">\n\t\t\t\t<div class=\"elementor-widget-container\">\n\t\t\t\t\t\t\t<div class=\"elementor-template\">\n\t\t\t\t\t<div data-elementor-type=\"section\" data-elementor-id=\"1327\" class=\"elementor elementor-1327 elementor-1022\" data-elementor-post-type=\"elementor_library\">\n\t\t\t\t\t<section class=\"elementor-section elementor-inner-section elementor-element elementor-element-12d27db5 elementor-section-boxed elementor-section-height-default elementor-section-height-default\" data-id=\"12d27db5\" data-element_type=\"section\" data-settings=\"{&quot;jet_parallax_layout_list&quot;:[{&quot;jet_parallax_layout_image&quot;:{&quot;url&quot;:&quot;&quot;,&quot;id&quot;:&quot;&quot;,&quot;size&quot;:&quot;&quot;},&quot;_id&quot;:&quot;0a3680b&quot;,&quot;jet_parallax_layout_speed&quot;:{&quot;unit&quot;:&quot;%&quot;,&quot;size&quot;:&quot;50&quot;,&quot;sizes&quot;:[]},&quot;jet_parallax_layout_bg_x&quot;:&quot;50&quot;,&quot;jet_parallax_layout_bg_y&quot;:&quot;50&quot;,&quot;jet_parallax_layout_image_tablet&quot;:{&quot;url&quot;:&quot;&quot;,&quot;id&quot;:&quot;&quot;,&quot;size&quot;:&quot;&quot;},&quot;jet_parallax_layout_image_mobile&quot;:{&quot;url&quot;:&quot;&quot;,&quot;id&quot;:&quot;&quot;,&quot;size&quot;:&quot;&quot;},&quot;jet_parallax_layout_type&quot;:&quot;scroll&quot;,&quot;jet_parallax_layout_direction&quot;:null,&quot;jet_parallax_layout_fx_direction&quot;:null,&quot;jet_parallax_layout_z_index&quot;:&quot;&quot;,&quot;jet_parallax_layout_bg_x_tablet&quot;:&quot;&quot;,&quot;jet_parallax_layout_bg_x_mobile&quot;:&quot;&quot;,&quot;jet_parallax_layout_bg_y_tablet&quot;:&quot;&quot;,&quot;jet_parallax_layout_bg_y_mobile&quot;:&quot;&quot;,&quot;jet_parallax_layout_bg_size&quot;:&quot;auto&quot;,&quot;jet_parallax_layout_bg_size_tablet&quot;:&quot;&quot;,&quot;jet_parallax_layout_bg_size_mobile&quot;:&quot;&quot;,&quot;jet_parallax_layout_animation_prop&quot;:&quot;transform&quot;,&quot;jet_parallax_layout_on&quot;:[&quot;desktop&quot;,&quot;tablet&quot;]}]}\">\n\t\t\t\t\t\t<div class=\"elementor-container elementor-column-gap-no\">\n\t\t\t\t\t<div class=\"elementor-column elementor-col-100 elementor-inner-column elementor-element elementor-element-18be328e\" data-id=\"18be328e\" data-element_type=\"column\" data-settings=\"{&quot;background_background&quot;:&quot;classic&quot;}\">\n\t\t\t<div class=\"elementor-widget-wrap elementor-element-populated\">\n\t\t\t\t\t\t<div class=\"elementor-element elementor-element-8a054bc elementor-widget__width-inherit elementor-widget elementor-widget-button\" data-id=\"8a054bc\" data-element_type=\"widget\" data-widget_type=\"button.default\">\n\t\t\t\t<div class=\"elementor-widget-container\">\n\t\t\t\t\t\t\t\t\t<div class=\"elementor-button-wrapper\">\n\t\t\t\t\t<a class=\"elementor-button elementor-button-link elementor-size-sm\" href=\"https:\/\/www.bek-consulting.eu\/fr\/conseiller-juridique\/dommages-incendie-et-assurance-incendie\/\">\n\t\t\t\t\t\t<span class=\"elementor-button-content-wrapper\">\n\t\t\t\t\t\t<span class=\"elementor-button-icon\">\n\t\t\t\t<i aria-hidden=\"true\" class=\"fas fa-angle-right\"><\/i>\t\t\t<\/span>\n\t\t\t\t\t\t\t\t\t<span class=\"elementor-button-text\">Dommages incendie et assurance incendie<\/span>\n\t\t\t\t\t<\/span>\n\t\t\t\t\t<\/a>\n\t\t\t\t<\/div>\n\t\t\t\t\t\t\t\t<\/div>\n\t\t\t\t<\/div>\n\t\t\t\t<div class=\"elementor-element elementor-element-2c143999 elementor-widget__width-inherit elementor-widget elementor-widget-button\" data-id=\"2c143999\" data-element_type=\"widget\" data-widget_type=\"button.default\">\n\t\t\t\t<div class=\"elementor-widget-container\">\n\t\t\t\t\t\t\t\t\t<div class=\"elementor-button-wrapper\">\n\t\t\t\t\t<a class=\"elementor-button elementor-button-link elementor-size-sm\" href=\"https:\/\/www.bek-consulting.eu\/fr\/conseiller-juridique\/contre-expertise-de-voiture-degats-de-tempete-degats-de-chantier\/\">\n\t\t\t\t\t\t<span class=\"elementor-button-content-wrapper\">\n\t\t\t\t\t\t<span class=\"elementor-button-icon\">\n\t\t\t\t<i aria-hidden=\"true\" class=\"fas fa-angle-right\"><\/i>\t\t\t<\/span>\n\t\t\t\t\t\t\t\t\t<span class=\"elementor-button-text\">Contre-expertise<\/span>\n\t\t\t\t\t<\/span>\n\t\t\t\t\t<\/a>\n\t\t\t\t<\/div>\n\t\t\t\t\t\t\t\t<\/div>\n\t\t\t\t<\/div>\n\t\t\t\t<div class=\"elementor-element elementor-element-e5cb154 elementor-widget__width-inherit elementor-widget elementor-widget-button\" data-id=\"e5cb154\" data-element_type=\"widget\" data-widget_type=\"button.default\">\n\t\t\t\t<div class=\"elementor-widget-container\">\n\t\t\t\t\t\t\t\t\t<div class=\"elementor-button-wrapper\">\n\t\t\t\t\t<a class=\"elementor-button elementor-button-link elementor-size-sm\" href=\"https:\/\/www.bek-consulting.eu\/fr\/conseiller-juridique\/garanties\/\">\n\t\t\t\t\t\t<span class=\"elementor-button-content-wrapper\">\n\t\t\t\t\t\t<span class=\"elementor-button-icon\">\n\t\t\t\t<i aria-hidden=\"true\" class=\"fas fa-angle-right\"><\/i>\t\t\t<\/span>\n\t\t\t\t\t\t\t\t\t<span class=\"elementor-button-text\">Garanties<\/span>\n\t\t\t\t\t<\/span>\n\t\t\t\t\t<\/a>\n\t\t\t\t<\/div>\n\t\t\t\t\t\t\t\t<\/div>\n\t\t\t\t<\/div>\n\t\t\t\t<div class=\"elementor-element elementor-element-574063ab elementor-widget__width-inherit elementor-widget elementor-widget-button\" data-id=\"574063ab\" data-element_type=\"widget\" data-widget_type=\"button.default\">\n\t\t\t\t<div class=\"elementor-widget-container\">\n\t\t\t\t\t\t\t\t\t<div class=\"elementor-button-wrapper\">\n\t\t\t\t\t<a class=\"elementor-button elementor-button-link elementor-size-sm\" href=\"https:\/\/www.bek-consulting.eu\/fr\/conseiller-juridique\/dommages-techniques-au-moteur\/\">\n\t\t\t\t\t\t<span class=\"elementor-button-content-wrapper\">\n\t\t\t\t\t\t<span class=\"elementor-button-icon\">\n\t\t\t\t<i aria-hidden=\"true\" class=\"fas fa-angle-right\"><\/i>\t\t\t<\/span>\n\t\t\t\t\t\t\t\t\t<span class=\"elementor-button-text\">Dommages techniques au moteur<\/span>\n\t\t\t\t\t<\/span>\n\t\t\t\t\t<\/a>\n\t\t\t\t<\/div>\n\t\t\t\t\t\t\t\t<\/div>\n\t\t\t\t<\/div>\n\t\t\t\t<div class=\"elementor-element elementor-element-2ba36598 elementor-widget__width-inherit elementor-widget elementor-widget-button\" data-id=\"2ba36598\" data-element_type=\"widget\" data-widget_type=\"button.default\">\n\t\t\t\t<div class=\"elementor-widget-container\">\n\t\t\t\t\t\t\t\t\t<div class=\"elementor-button-wrapper\">\n\t\t\t\t\t<a class=\"elementor-button elementor-button-link elementor-size-sm\" href=\"https:\/\/www.bek-consulting.eu\/fr\/conseiller-juridique\/dommages-au-batiment\/\">\n\t\t\t\t\t\t<span class=\"elementor-button-content-wrapper\">\n\t\t\t\t\t\t<span class=\"elementor-button-icon\">\n\t\t\t\t<i aria-hidden=\"true\" class=\"fas fa-angle-right\"><\/i>\t\t\t<\/span>\n\t\t\t\t\t\t\t\t\t<span class=\"elementor-button-text\">Dommages au b\u00e2timent<\/span>\n\t\t\t\t\t<\/span>\n\t\t\t\t\t<\/a>\n\t\t\t\t<\/div>\n\t\t\t\t\t\t\t\t<\/div>\n\t\t\t\t<\/div>\n\t\t\t\t\t<\/div>\n\t\t<\/div>\n\t\t\t\t\t<\/div>\n\t\t<\/section>\n\t\t\t\t<\/div>\n\t\t\t\t<\/div>\n\t\t\t\t\t\t<\/div>\n\t\t\t\t<\/div>\n\t\t\t\t\t<\/div>\n\t\t<\/div>\n\t\t\t\t<div class=\"elementor-column elementor-col-50 elementor-top-column elementor-element elementor-element-19a7cd96\" data-id=\"19a7cd96\" data-element_type=\"column\">\n\t\t\t<div class=\"elementor-widget-wrap elementor-element-populated\">\n\t\t\t\t\t\t<div class=\"elementor-element elementor-element-544760dc elementor-widget elementor-widget-raven-image\" data-id=\"544760dc\" data-element_type=\"widget\" data-widget_type=\"raven-image.default\">\n\t\t\t\t<div class=\"elementor-widget-container\">\n\t\t\t\t\t\t\t<div class=\"raven-image\">\n\t\t\n\t\t\n\t\t<img fetchpriority=\"high\" decoding=\"async\" width=\"1707\" height=\"1526\" src=\"https:\/\/www.bek-consulting.eu\/wp-content\/uploads\/2022\/02\/garantie-tweedehands-auto-scaled-e1646051880116.jpg\" class=\"attachment-full size-full wp-image-2976\" alt=\"garantie tweedehands auto\" srcset=\"https:\/\/www.bek-consulting.eu\/wp-content\/uploads\/2022\/02\/garantie-tweedehands-auto-scaled-e1646051880116.jpg 1707w, https:\/\/www.bek-consulting.eu\/wp-content\/uploads\/2022\/02\/garantie-tweedehands-auto-scaled-e1646051880116-300x268.jpg 300w, https:\/\/www.bek-consulting.eu\/wp-content\/uploads\/2022\/02\/garantie-tweedehands-auto-scaled-e1646051880116-1024x915.jpg 1024w, https:\/\/www.bek-consulting.eu\/wp-content\/uploads\/2022\/02\/garantie-tweedehands-auto-scaled-e1646051880116-768x687.jpg 768w, https:\/\/www.bek-consulting.eu\/wp-content\/uploads\/2022\/02\/garantie-tweedehands-auto-scaled-e1646051880116-1536x1373.jpg 1536w\" sizes=\"(max-width: 1707px) 100vw, 1707px\" \/>\t\t<\/div>\n\t\t\t\t\t\t<\/div>\n\t\t\t\t<\/div>\n\t\t\t\t<div class=\"elementor-element elementor-element-cb7b600 elementor-widget elementor-widget-text-editor\" data-id=\"cb7b600\" data-element_type=\"widget\" data-widget_type=\"text-editor.default\">\n\t\t\t\t<div class=\"elementor-widget-container\">\n\t\t\t\t\t\t\t\t\t<h2><span style=\"color: #000000;\">Garanties<br><\/span><\/h2><p> <\/p><p>Tant pour les acheteurs que pour les vendeurs de voitures neuves ou d&#8217;occasion, il existe des dispositions l\u00e9gales \u00e0 respecter. Par exemple, en tant qu&#8217;acheteur, vous avez droit \u00e0 la garantie l\u00e9gale. La p\u00e9riode de garantie de votre v\u00e9hicule est fix\u00e9e l\u00e9galement par les pouvoirs publics, qu&#8217;il s&#8217;agisse d&#8217;une voiture neuve ou d&#8217;occasion. Mais quels dommages et d\u00e9fauts sont couverts par cette garantie ? Et pouvez-vous invoquer la garantie officielle lorsque vous rencontrez soudainement des probl\u00e8mes ?    <\/p><p>Assurez-vous de vous couvrir contre les dommages inattendus ou les vices cach\u00e9s.<\/p><h2> <\/h2><h2>Syst\u00e8me de garantie pour les acheteurs<\/h2><p> <\/p><p>En tant qu&#8217;acheteur, vous b\u00e9n\u00e9ficiez d&#8217;une garantie l\u00e9gale lorsque vous achetez un v\u00e9hicule neuf ou d&#8217;occasion aupr\u00e8s d&#8217;un concessionnaire agr\u00e9\u00e9. Cette garantie est r\u00e9guli\u00e8rement mise \u00e0 profit, car nous voyons r\u00e9guli\u00e8rement des voitures pr\u00e9senter des d\u00e9fauts techniques pendant la p\u00e9riode de garantie officielle. <\/p><p>Les acheteurs font l&#8217;exp\u00e9rience directe de la mani\u00e8re dont le syst\u00e8me de garantie est tordu et essor\u00e9, de sorte qu&#8217;il semble ne plus exister.<\/p><p>Comment pouvez-vous, en tant que particulier ou acheteur du v\u00e9hicule, vous assurer que les dommages sont reconnus et que vous b\u00e9n\u00e9ficiez d&#8217;un r\u00e9gime de garantie optimal ? Faites appel \u00e0 l&#8217;exp\u00e9rience et aux connaissances d&#8217;un corps d&#8217;experts sp\u00e9cialis\u00e9s. Faites \u00e9tablir une contre-expertise de votre v\u00e9hicule par un expert ind\u00e9pendant afin de garantir vos chances d&#8217;obtenir une indemnisation correcte.  <\/p><h2> <\/h2><h2>Quand faire appel \u00e0 l&#8217;assistance juridique d&#8217;un cabinet d&#8217;experts ?<\/h2><p> <\/p><p>En faisant appel aux services professionnels d&#8217;un <a href=\"http:\/\/bek-consulting.eu\">cabinet d&#8217;experts<\/a> sp\u00e9cialis\u00e9, vous pouvez vous d\u00e9tendre l&#8217;esprit tranquille. Nos experts examineront et analyseront le cas de dommage afin de d\u00e9terminer s&#8217;il est couvert par la garantie officielle. <\/p><ul><li>Y a-t-il des vices cach\u00e9s ?<\/li><li>Certains d\u00e9fauts \u00e9taient-ils d\u00e9j\u00e0 pr\u00e9sents lors de l&#8217;achat du v\u00e9hicule ?<\/li><li>Le vendeur ne reconna\u00eet-il pas les dommages dans le cadre du syst\u00e8me de garantie ?<\/li><\/ul><h2> <\/h2><h2>BEK Consulting : le sp\u00e9cialiste des r\u00e9clamations et des demandes reconventionnelles<\/h2><p> <\/p><p>Les sp\u00e9cialistes exp\u00e9riment\u00e9s de BEK Consulting sont sp\u00e9cialis\u00e9s dans les v\u00e9hicules. Nous travaillons depuis de nombreuses ann\u00e9es avec diff\u00e9rents constructeurs automobiles et avons acquis une grande exp\u00e9rience. En tant que cabinet d&#8217;experts, nous agissons en tant qu&#8217;expert ind\u00e9pendant et fournissons une <a href=\"https:\/\/www.bek-consulting.eu\/fr\/assistance-juridique\/\">assistance juridique<\/a> en cas de litige. Nous d\u00e9fendons votre dossier et recherchons activement les meilleures solutions possibles.   <\/p><h2> <\/h2><h2>Des garanties et des sauvegardes s\u00fbres<\/h2>\t\t\t\t\t\t\t\t<\/div>\n\t\t\t\t<\/div>\n\t\t\t\t\t<\/div>\n\t\t<\/div>\n\t\t\t\t\t<\/div>\n\t\t<\/section>\n\t\t\t\t<\/div>\n\t\t","protected":false},"excerpt":{"rendered":"<p>Home Garanties Tant pour les acheteurs que pour les vendeurs de voitures neuves ou d&#8217;occasion, il existe des dispositions l\u00e9gales \u00e0 respecter. Par exemple, en tant qu&#8217;acheteur, vous avez droit \u00e0 la garantie l\u00e9gale. La p\u00e9riode de garantie de votre v\u00e9hicule est fix\u00e9e l\u00e9galement par les pouvoirs publics, qu&#8217;il s&#8217;agisse d&#8217;une voiture neuve ou d&#8217;occasion. [&hellip;]<\/p>\n","protected":false},"author":1,"featured_media":2030,"parent":1335,"menu_order":0,"comment_status":"closed","ping_status":"closed","template":"elementor_header_footer","meta":{"_acf_changed":false,"inline_featured_image":false,"footnotes":""},"class_list":["post-1817","page","type-page","status-publish","has-post-thumbnail","hentry"],"acf":[],"_links":{"self":[{"href":"https:\/\/www.bek-consulting.eu\/fr\/wp-json\/wp\/v2\/pages\/1817","targetHints":{"allow":["GET"]}}],"collection":[{"href":"https:\/\/www.bek-consulting.eu\/fr\/wp-json\/wp\/v2\/pages"}],"about":[{"href":"https:\/\/www.bek-consulting.eu\/fr\/wp-json\/wp\/v2\/types\/page"}],"author":[{"embeddable":true,"href":"https:\/\/www.bek-consulting.eu\/fr\/wp-json\/wp\/v2\/users\/1"}],"replies":[{"embeddable":true,"href":"https:\/\/www.bek-consulting.eu\/fr\/wp-json\/wp\/v2\/comments?post=1817"}],"version-history":[{"count":11,"href":"https:\/\/www.bek-consulting.eu\/fr\/wp-json\/wp\/v2\/pages\/1817\/revisions"}],"predecessor-version":[{"id":3761,"href":"https:\/\/www.bek-consulting.eu\/fr\/wp-json\/wp\/v2\/pages\/1817\/revisions\/3761"}],"up":[{"embeddable":true,"href":"https:\/\/www.bek-consulting.eu\/fr\/wp-json\/wp\/v2\/pages\/1335"}],"wp:featuredmedia":[{"embeddable":true,"href":"https:\/\/www.bek-consulting.eu\/fr\/wp-json\/wp\/v2\/media\/2030"}],"wp:attachment":[{"href":"https:\/\/www.bek-consulting.eu\/fr\/wp-json\/wp\/v2\/media?parent=1817"}],"curies":[{"name":"wp","href":"https:\/\/api.w.org\/{rel}","templated":true}]}}