{"id":1377,"date":"2020-06-23T11:41:21","date_gmt":"2020-06-23T09:41:21","guid":{"rendered":"https:\/\/www.bek-consulting.eu\/over-ons\/"},"modified":"2022-02-28T12:49:48","modified_gmt":"2022-02-28T10:49:48","slug":"a-propos","status":"publish","type":"page","link":"https:\/\/www.bek-consulting.eu\/fr\/a-propos\/","title":{"rendered":"\u00c0 propos"},"content":{"rendered":"\t\t<div data-elementor-type=\"wp-page\" data-elementor-id=\"1377\" class=\"elementor elementor-1377 elementor-56\" data-elementor-post-type=\"page\">\n\t\t\t\t\t\t<section class=\"elementor-section elementor-top-section elementor-element elementor-element-619a9e46 elementor-section-boxed elementor-section-height-default elementor-section-height-default\" data-id=\"619a9e46\" data-element_type=\"section\" data-settings=\"{&quot;jet_parallax_layout_list&quot;:[{&quot;jet_parallax_layout_image&quot;:{&quot;url&quot;:&quot;&quot;,&quot;id&quot;:&quot;&quot;,&quot;size&quot;:&quot;&quot;},&quot;_id&quot;:&quot;bd17729&quot;,&quot;jet_parallax_layout_speed&quot;:{&quot;unit&quot;:&quot;%&quot;,&quot;size&quot;:&quot;50&quot;,&quot;sizes&quot;:[]},&quot;jet_parallax_layout_bg_x&quot;:&quot;50&quot;,&quot;jet_parallax_layout_bg_y&quot;:&quot;50&quot;,&quot;jet_parallax_layout_image_tablet&quot;:{&quot;url&quot;:&quot;&quot;,&quot;id&quot;:&quot;&quot;,&quot;size&quot;:&quot;&quot;},&quot;jet_parallax_layout_image_mobile&quot;:{&quot;url&quot;:&quot;&quot;,&quot;id&quot;:&quot;&quot;,&quot;size&quot;:&quot;&quot;},&quot;jet_parallax_layout_type&quot;:&quot;scroll&quot;,&quot;jet_parallax_layout_direction&quot;:null,&quot;jet_parallax_layout_fx_direction&quot;:null,&quot;jet_parallax_layout_z_index&quot;:&quot;&quot;,&quot;jet_parallax_layout_bg_x_tablet&quot;:&quot;&quot;,&quot;jet_parallax_layout_bg_x_mobile&quot;:&quot;&quot;,&quot;jet_parallax_layout_bg_y_tablet&quot;:&quot;&quot;,&quot;jet_parallax_layout_bg_y_mobile&quot;:&quot;&quot;,&quot;jet_parallax_layout_bg_size&quot;:&quot;auto&quot;,&quot;jet_parallax_layout_bg_size_tablet&quot;:&quot;&quot;,&quot;jet_parallax_layout_bg_size_mobile&quot;:&quot;&quot;,&quot;jet_parallax_layout_animation_prop&quot;:&quot;transform&quot;,&quot;jet_parallax_layout_on&quot;:[&quot;desktop&quot;,&quot;tablet&quot;]}],&quot;background_background&quot;:&quot;classic&quot;}\">\n\t\t\t\t\t\t\t<div class=\"elementor-background-overlay\"><\/div>\n\t\t\t\t\t\t\t<div class=\"elementor-container elementor-column-gap-no\">\n\t\t\t\t\t<div class=\"elementor-column elementor-col-50 elementor-top-column elementor-element elementor-element-3beed789\" data-id=\"3beed789\" data-element_type=\"column\">\n\t\t\t<div class=\"elementor-widget-wrap elementor-element-populated\">\n\t\t\t\t\t\t<div class=\"elementor-element elementor-element-601a01da elementor-widget elementor-widget-heading\" data-id=\"601a01da\" data-element_type=\"widget\" data-widget_type=\"heading.default\">\n\t\t\t\t<div class=\"elementor-widget-container\">\n\t\t\t\t\t<h1 class=\"elementor-heading-title elementor-size-default\">\u00c0 propos<\/h1>\t\t\t\t<\/div>\n\t\t\t\t<\/div>\n\t\t\t\t<div class=\"elementor-element elementor-element-5f11084a elementor-hidden-phone elementor-align-left elementor-widget elementor-widget-raven-breadcrumbs\" data-id=\"5f11084a\" data-element_type=\"widget\" data-widget_type=\"raven-breadcrumbs.default\">\n\t\t\t\t<div class=\"elementor-widget-container\">\n\t\t\t\t\t<div class=\"raven-breadcrumbs raven-breadcrumbs-default\"><div class=\"breadcrumb\">\t\t\t\t<div class=\"breadcrumb-item active\" aria-current=\"page\"><span>Home<\/span><\/div>\n\n\t\t\t\t<\/div><\/div>\t\t\t\t<\/div>\n\t\t\t\t<\/div>\n\t\t\t\t\t<\/div>\n\t\t<\/div>\n\t\t\t\t<div class=\"elementor-column elementor-col-50 elementor-top-column elementor-element elementor-element-71ff5147\" data-id=\"71ff5147\" data-element_type=\"column\">\n\t\t\t<div class=\"elementor-widget-wrap\">\n\t\t\t\t\t\t\t<\/div>\n\t\t<\/div>\n\t\t\t\t\t<\/div>\n\t\t<\/section>\n\t\t\t\t<section class=\"elementor-section elementor-top-section elementor-element elementor-element-05565fa elementor-section-boxed elementor-section-height-default elementor-section-height-default\" data-id=\"05565fa\" data-element_type=\"section\" data-settings=\"{&quot;jet_parallax_layout_list&quot;:[{&quot;jet_parallax_layout_image&quot;:{&quot;url&quot;:&quot;&quot;,&quot;id&quot;:&quot;&quot;,&quot;size&quot;:&quot;&quot;},&quot;_id&quot;:&quot;1ae6acf&quot;,&quot;jet_parallax_layout_speed&quot;:{&quot;unit&quot;:&quot;%&quot;,&quot;size&quot;:&quot;50&quot;,&quot;sizes&quot;:[]},&quot;jet_parallax_layout_bg_x&quot;:&quot;50&quot;,&quot;jet_parallax_layout_bg_y&quot;:&quot;50&quot;,&quot;jet_parallax_layout_image_tablet&quot;:{&quot;url&quot;:&quot;&quot;,&quot;id&quot;:&quot;&quot;,&quot;size&quot;:&quot;&quot;},&quot;jet_parallax_layout_image_mobile&quot;:{&quot;url&quot;:&quot;&quot;,&quot;id&quot;:&quot;&quot;,&quot;size&quot;:&quot;&quot;},&quot;jet_parallax_layout_type&quot;:&quot;scroll&quot;,&quot;jet_parallax_layout_direction&quot;:null,&quot;jet_parallax_layout_fx_direction&quot;:null,&quot;jet_parallax_layout_z_index&quot;:&quot;&quot;,&quot;jet_parallax_layout_bg_x_tablet&quot;:&quot;&quot;,&quot;jet_parallax_layout_bg_x_mobile&quot;:&quot;&quot;,&quot;jet_parallax_layout_bg_y_tablet&quot;:&quot;&quot;,&quot;jet_parallax_layout_bg_y_mobile&quot;:&quot;&quot;,&quot;jet_parallax_layout_bg_size&quot;:&quot;auto&quot;,&quot;jet_parallax_layout_bg_size_tablet&quot;:&quot;&quot;,&quot;jet_parallax_layout_bg_size_mobile&quot;:&quot;&quot;,&quot;jet_parallax_layout_animation_prop&quot;:&quot;transform&quot;,&quot;jet_parallax_layout_on&quot;:[&quot;desktop&quot;,&quot;tablet&quot;]}]}\">\n\t\t\t\t\t\t<div class=\"elementor-container elementor-column-gap-no\">\n\t\t\t\t\t<div class=\"elementor-column elementor-col-50 elementor-top-column elementor-element elementor-element-b620cd5\" data-id=\"b620cd5\" data-element_type=\"column\">\n\t\t\t<div class=\"elementor-widget-wrap elementor-element-populated\">\n\t\t\t\t\t\t<div class=\"elementor-element elementor-element-e8faedc elementor-widget elementor-widget-heading\" data-id=\"e8faedc\" data-element_type=\"widget\" data-widget_type=\"heading.default\">\n\t\t\t\t<div class=\"elementor-widget-container\">\n\t\t\t\t\t<h2 class=\"elementor-heading-title elementor-size-default\">Bureau d'expertise BEK Consulting\n<\/h2>\t\t\t\t<\/div>\n\t\t\t\t<\/div>\n\t\t\t\t<div class=\"elementor-element elementor-element-4337202 elementor-widget elementor-widget-text-editor\" data-id=\"4337202\" data-element_type=\"widget\" data-widget_type=\"text-editor.default\">\n\t\t\t\t<div class=\"elementor-widget-container\">\n\t\t\t\t\t\t\t\t\t<p>En 2013, BEK Consulting a \u00e9t\u00e9 fond\u00e9e en tant qu&#8217;entreprise individuelle \u00e0 Ternat. Gr\u00e2ce \u00e0 des ann\u00e9es d&#8217;exp\u00e9rience dans le secteur de l&#8217;automobile, sp\u00e9cialis\u00e9 dans les dommages aux voitures, l\u2019entreprise a connu un succ\u00e8s imm\u00e9diat. BEK Consulting a connu une croissance saine et nous avons rapidement d\u00fb chercher des talents pour agrandir l&#8217;\u00e9quipe. Nos sp\u00e9cialit\u00e9s ont \u00e9galement \u00e9t\u00e9 \u00e9largies.<\/p><p>Aujourd&#8217;hui, nous sommes sp\u00e9cialis\u00e9s dans l&#8217;assistance juridique et les conflits pour le secteur automobile, les bris de machines, les garanties, l&#8217;e-mobilit\u00e9, les dommages aux b\u00e2timents et la recherche sur la qualit\u00e9 de l&#8217;air.<\/p>\t\t\t\t\t\t\t\t<\/div>\n\t\t\t\t<\/div>\n\t\t\t\t\t<\/div>\n\t\t<\/div>\n\t\t\t\t<div class=\"elementor-column elementor-col-50 elementor-top-column elementor-element elementor-element-bc95122\" data-id=\"bc95122\" data-element_type=\"column\">\n\t\t\t<div class=\"elementor-widget-wrap elementor-element-populated\">\n\t\t\t\t\t\t<div class=\"elementor-element elementor-element-70a9754 elementor-widget elementor-widget-image\" data-id=\"70a9754\" data-element_type=\"widget\" data-widget_type=\"image.default\">\n\t\t\t\t<div class=\"elementor-widget-container\">\n\t\t\t\t\t\t\t\t\t\t\t\t\t\t\t<img fetchpriority=\"high\" decoding=\"async\" width=\"1024\" height=\"683\" src=\"https:\/\/www.bek-consulting.eu\/wp-content\/uploads\/2021\/03\/businessman-in-car-service-B7PJFZV-1024x683.jpg\" class=\"attachment-large size-large wp-image-1727\" alt=\"\u00e0 propos\" srcset=\"https:\/\/www.bek-consulting.eu\/wp-content\/uploads\/2021\/03\/businessman-in-car-service-B7PJFZV-1024x683.jpg 1024w, https:\/\/www.bek-consulting.eu\/wp-content\/uploads\/2021\/03\/businessman-in-car-service-B7PJFZV-300x200.jpg 300w, https:\/\/www.bek-consulting.eu\/wp-content\/uploads\/2021\/03\/businessman-in-car-service-B7PJFZV-768x512.jpg 768w, https:\/\/www.bek-consulting.eu\/wp-content\/uploads\/2021\/03\/businessman-in-car-service-B7PJFZV-1536x1024.jpg 1536w, https:\/\/www.bek-consulting.eu\/wp-content\/uploads\/2021\/03\/businessman-in-car-service-B7PJFZV-2048x1365.jpg 2048w\" sizes=\"(max-width: 1024px) 100vw, 1024px\" \/>\t\t\t\t\t\t\t\t\t\t\t\t\t\t\t<\/div>\n\t\t\t\t<\/div>\n\t\t\t\t\t<\/div>\n\t\t<\/div>\n\t\t\t\t\t<\/div>\n\t\t<\/section>\n\t\t\t\t<section class=\"elementor-section elementor-top-section elementor-element elementor-element-b722078 elementor-section-boxed elementor-section-height-default elementor-section-height-default\" data-id=\"b722078\" data-element_type=\"section\" data-settings=\"{&quot;jet_parallax_layout_list&quot;:[{&quot;jet_parallax_layout_image&quot;:{&quot;url&quot;:&quot;&quot;,&quot;id&quot;:&quot;&quot;,&quot;size&quot;:&quot;&quot;},&quot;_id&quot;:&quot;c4b591d&quot;,&quot;jet_parallax_layout_speed&quot;:{&quot;unit&quot;:&quot;%&quot;,&quot;size&quot;:&quot;50&quot;,&quot;sizes&quot;:[]},&quot;jet_parallax_layout_bg_x&quot;:&quot;50&quot;,&quot;jet_parallax_layout_bg_y&quot;:&quot;50&quot;,&quot;jet_parallax_layout_image_tablet&quot;:{&quot;url&quot;:&quot;&quot;,&quot;id&quot;:&quot;&quot;,&quot;size&quot;:&quot;&quot;},&quot;jet_parallax_layout_image_mobile&quot;:{&quot;url&quot;:&quot;&quot;,&quot;id&quot;:&quot;&quot;,&quot;size&quot;:&quot;&quot;},&quot;jet_parallax_layout_type&quot;:&quot;scroll&quot;,&quot;jet_parallax_layout_direction&quot;:null,&quot;jet_parallax_layout_fx_direction&quot;:null,&quot;jet_parallax_layout_z_index&quot;:&quot;&quot;,&quot;jet_parallax_layout_bg_x_tablet&quot;:&quot;&quot;,&quot;jet_parallax_layout_bg_x_mobile&quot;:&quot;&quot;,&quot;jet_parallax_layout_bg_y_tablet&quot;:&quot;&quot;,&quot;jet_parallax_layout_bg_y_mobile&quot;:&quot;&quot;,&quot;jet_parallax_layout_bg_size&quot;:&quot;auto&quot;,&quot;jet_parallax_layout_bg_size_tablet&quot;:&quot;&quot;,&quot;jet_parallax_layout_bg_size_mobile&quot;:&quot;&quot;,&quot;jet_parallax_layout_animation_prop&quot;:&quot;transform&quot;,&quot;jet_parallax_layout_on&quot;:[&quot;desktop&quot;,&quot;tablet&quot;]}],&quot;background_background&quot;:&quot;classic&quot;}\">\n\t\t\t\t\t\t<div class=\"elementor-container elementor-column-gap-no\">\n\t\t\t\t\t<div class=\"elementor-column elementor-col-50 elementor-top-column elementor-element elementor-element-415fcb5\" data-id=\"415fcb5\" data-element_type=\"column\">\n\t\t\t<div class=\"elementor-widget-wrap elementor-element-populated\">\n\t\t\t\t\t\t<div class=\"elementor-element elementor-element-635c17b elementor-widget elementor-widget-image\" data-id=\"635c17b\" data-element_type=\"widget\" data-widget_type=\"image.default\">\n\t\t\t\t<div class=\"elementor-widget-container\">\n\t\t\t\t\t\t\t\t\t\t\t\t\t\t\t<img decoding=\"async\" width=\"1024\" height=\"683\" src=\"https:\/\/www.bek-consulting.eu\/wp-content\/uploads\/2021\/03\/worker-shaking-hands-with-client-in-car-service-sh-UYJTLKE-1024x683.jpg\" class=\"attachment-large size-large wp-image-1731\" alt=\"\u00e0 propos\" srcset=\"https:\/\/www.bek-consulting.eu\/wp-content\/uploads\/2021\/03\/worker-shaking-hands-with-client-in-car-service-sh-UYJTLKE-1024x683.jpg 1024w, https:\/\/www.bek-consulting.eu\/wp-content\/uploads\/2021\/03\/worker-shaking-hands-with-client-in-car-service-sh-UYJTLKE-300x200.jpg 300w, https:\/\/www.bek-consulting.eu\/wp-content\/uploads\/2021\/03\/worker-shaking-hands-with-client-in-car-service-sh-UYJTLKE-768x512.jpg 768w, https:\/\/www.bek-consulting.eu\/wp-content\/uploads\/2021\/03\/worker-shaking-hands-with-client-in-car-service-sh-UYJTLKE-1536x1024.jpg 1536w, https:\/\/www.bek-consulting.eu\/wp-content\/uploads\/2021\/03\/worker-shaking-hands-with-client-in-car-service-sh-UYJTLKE-2048x1365.jpg 2048w\" sizes=\"(max-width: 1024px) 100vw, 1024px\" \/>\t\t\t\t\t\t\t\t\t\t\t\t\t\t\t<\/div>\n\t\t\t\t<\/div>\n\t\t\t\t\t<\/div>\n\t\t<\/div>\n\t\t\t\t<div class=\"elementor-column elementor-col-50 elementor-top-column elementor-element elementor-element-7649f35\" data-id=\"7649f35\" data-element_type=\"column\">\n\t\t\t<div class=\"elementor-widget-wrap elementor-element-populated\">\n\t\t\t\t\t\t<div class=\"elementor-element elementor-element-b96d595 elementor-widget elementor-widget-heading\" data-id=\"b96d595\" data-element_type=\"widget\" data-widget_type=\"heading.default\">\n\t\t\t\t<div class=\"elementor-widget-container\">\n\t\t\t\t\t<h2 class=\"elementor-heading-title elementor-size-default\">Une \u00e9quipe disponsant de l'expertise ad\u00e9quate<\/h2>\t\t\t\t<\/div>\n\t\t\t\t<\/div>\n\t\t\t\t<div class=\"elementor-element elementor-element-75ad503 elementor-widget elementor-widget-text-editor\" data-id=\"75ad503\" data-element_type=\"widget\" data-widget_type=\"text-editor.default\">\n\t\t\t\t<div class=\"elementor-widget-container\">\n\t\t\t\t\t\t\t\t\t<p>L&#8217;\u00e9quipe de BEK Consultancy est compos\u00e9e d&#8217;experts dans leur domaine. Nous sommes une \u00e9quipe jeune et dynamique qui est pr\u00eate \u00e0 faire le maximum pour d\u00e9fendre vos int\u00e9r\u00eats.<\/p><p>Tous nos employ\u00e9s ont une formation sup\u00e9rieure et sont sp\u00e9cialis\u00e9s dans leur profession. Nous disposons des autorisations n\u00e9cessaires aupr\u00e8s du Service public f\u00e9d\u00e9ral \u00c9conomie, de diverses associations professionnelles, d&#8217;Assuralia et du Registre national des tribunaux.<\/p>\t\t\t\t\t\t\t\t<\/div>\n\t\t\t\t<\/div>\n\t\t\t\t\t<\/div>\n\t\t<\/div>\n\t\t\t\t\t<\/div>\n\t\t<\/section>\n\t\t\t\t<section class=\"elementor-section elementor-top-section elementor-element elementor-element-0789d3b elementor-section-boxed elementor-section-height-default elementor-section-height-default\" data-id=\"0789d3b\" data-element_type=\"section\" data-settings=\"{&quot;jet_parallax_layout_list&quot;:[]}\">\n\t\t\t\t\t\t<div class=\"elementor-container elementor-column-gap-default\">\n\t\t\t\t\t<div class=\"elementor-column elementor-col-100 elementor-top-column elementor-element elementor-element-d129a28\" data-id=\"d129a28\" data-element_type=\"column\">\n\t\t\t<div class=\"elementor-widget-wrap elementor-element-populated\">\n\t\t\t\t\t\t<div class=\"elementor-element elementor-element-9f9e069 elementor-widget elementor-widget-text-editor\" data-id=\"9f9e069\" data-element_type=\"widget\" data-widget_type=\"text-editor.default\">\n\t\t\t\t<div class=\"elementor-widget-container\">\n\t\t\t\t\t\t\t\t\t<h2>Nos sp\u00e9cialit\u00e9s<\/h2><div>\u00a0<\/div><p>Les forces combin\u00e9es de notre \u00e9quipe assurent un large \u00e9ventail de sp\u00e9cialisations. Ainsi, nous pouvons vous assister en cas de dommages ou de conflits. Vous pouvez compter sur nous pour ces sp\u00e9cialit\u00e9s :<\/p><ul><li><a href=\"https:\/\/www.bek-consulting.eu\/fr\/estimation-de-voiture\/\">Estimations des v\u00e9hicules anciens ou sp\u00e9ciaux<\/a><\/li><li><a href=\"https:\/\/www.bek-consulting.eu\/fr\/estimation-de-voiture\/\">Estimations en cas de perte totale<\/a><\/li><li><a href=\"https:\/\/www.bek-consulting.eu\/fr\/assistance-juridique\/\">Assistance juridique<\/a><\/li><li><a href=\"https:\/\/www.bek-consulting.eu\/fr\/assistance-juridique\/dommages-incendie-et-assurance-incendie\/\">Dommages incendies<\/a><\/li><li><a href=\"https:\/\/www.bek-consulting.eu\/fr\/assistance-juridique\/dommages-au-batiment\/\">Dommages aux b\u00e2timents<\/a><\/li><li><a href=\"https:\/\/www.bek-consulting.eu\/fr\/assistance-juridique\/dommages-techniques-au-moteur\/\">Dommages techniques au moteur<\/a><\/li><li><a href=\"https:\/\/www.bek-consulting.eu\/fr\/assistance-juridique\/contre-expertise-de-voiture-degats-de-tempete-degats-de-chantier\/\">Contre-expertise ind\u00e9pendante<\/a><\/li><li><a href=\"https:\/\/www.bek-consulting.eu\/fr\/assistance-juridique\/garanties\/\">Garanties<\/a><\/li><\/ul><div>\u00a0<\/div><h2>Accessibilit\u00e9<\/h2><div>\u00a0<\/div><p>Vous recherchez un expert exp\u00e9riment\u00e9 pour vous assister lors d&#8217;un conflit ou dans le cadre d&#8217;une assistance juridique ?<\/p><p>Nous sommes toujours joignables via le formulaire de contact au bas de cette page.<\/p><p>Vous pouvez \u00e9galement vous rendre dans nos bureaux pendant les heures d&#8217;ouverture.<\/p><p>Du lundi au vendredi : de 8 h 30 \u00e0 19 h 30.<\/p><p>Samedi : de 9 h \u00e0 13 h.<\/p><p>\u00a0<\/p>\t\t\t\t\t\t\t\t<\/div>\n\t\t\t\t<\/div>\n\t\t\t\t\t<\/div>\n\t\t<\/div>\n\t\t\t\t\t<\/div>\n\t\t<\/section>\n\t\t\t\t<\/div>\n\t\t","protected":false},"excerpt":{"rendered":"<p>\u00c0 propos Home Bureau d&#8217;expertise BEK Consulting En 2013, BEK Consulting a \u00e9t\u00e9 fond\u00e9e en tant qu&#8217;entreprise individuelle \u00e0 Ternat. Gr\u00e2ce \u00e0 des ann\u00e9es d&#8217;exp\u00e9rience dans le secteur de l&#8217;automobile, sp\u00e9cialis\u00e9 dans les dommages aux voitures, l\u2019entreprise a connu un succ\u00e8s imm\u00e9diat. BEK Consulting a connu une croissance saine et nous avons rapidement d\u00fb chercher [&hellip;]<\/p>\n","protected":false},"author":1,"featured_media":1727,"parent":0,"menu_order":0,"comment_status":"closed","ping_status":"closed","template":"elementor_header_footer","meta":{"_acf_changed":false,"inline_featured_image":false,"footnotes":""},"class_list":["post-1377","page","type-page","status-publish","has-post-thumbnail","hentry"],"acf":[],"_links":{"self":[{"href":"https:\/\/www.bek-consulting.eu\/fr\/wp-json\/wp\/v2\/pages\/1377","targetHints":{"allow":["GET"]}}],"collection":[{"href":"https:\/\/www.bek-consulting.eu\/fr\/wp-json\/wp\/v2\/pages"}],"about":[{"href":"https:\/\/www.bek-consulting.eu\/fr\/wp-json\/wp\/v2\/types\/page"}],"author":[{"embeddable":true,"href":"https:\/\/www.bek-consulting.eu\/fr\/wp-json\/wp\/v2\/users\/1"}],"replies":[{"embeddable":true,"href":"https:\/\/www.bek-consulting.eu\/fr\/wp-json\/wp\/v2\/comments?post=1377"}],"version-history":[{"count":10,"href":"https:\/\/www.bek-consulting.eu\/fr\/wp-json\/wp\/v2\/pages\/1377\/revisions"}],"predecessor-version":[{"id":2972,"href":"https:\/\/www.bek-consulting.eu\/fr\/wp-json\/wp\/v2\/pages\/1377\/revisions\/2972"}],"wp:featuredmedia":[{"embeddable":true,"href":"https:\/\/www.bek-consulting.eu\/fr\/wp-json\/wp\/v2\/media\/1727"}],"wp:attachment":[{"href":"https:\/\/www.bek-consulting.eu\/fr\/wp-json\/wp\/v2\/media?parent=1377"}],"curies":[{"name":"wp","href":"https:\/\/api.w.org\/{rel}","templated":true}]}}