{"id":1346,"date":"2021-02-25T15:01:42","date_gmt":"2021-02-25T13:01:42","guid":{"rendered":"https:\/\/www.bek-consulting.eu\/waardebepaling\/waardebepaling-fleet\/"},"modified":"2022-02-28T14:44:46","modified_gmt":"2022-02-28T12:44:46","slug":"estimation-de-voiture","status":"publish","type":"page","link":"https:\/\/www.bek-consulting.eu\/fr\/estimation-de-voiture\/","title":{"rendered":"Estimation de voiture"},"content":{"rendered":"\t\t<div data-elementor-type=\"wp-page\" data-elementor-id=\"1346\" class=\"elementor elementor-1346 elementor-447\" data-elementor-post-type=\"page\">\n\t\t\t\t\t\t<section class=\"elementor-section elementor-top-section elementor-element elementor-element-3f5f50d2 elementor-section-boxed elementor-section-height-default elementor-section-height-default\" data-id=\"3f5f50d2\" data-element_type=\"section\" data-settings=\"{&quot;jet_parallax_layout_list&quot;:[{&quot;jet_parallax_layout_image&quot;:{&quot;url&quot;:&quot;&quot;,&quot;id&quot;:&quot;&quot;,&quot;size&quot;:&quot;&quot;},&quot;_id&quot;:&quot;bd17729&quot;,&quot;jet_parallax_layout_speed&quot;:{&quot;unit&quot;:&quot;%&quot;,&quot;size&quot;:&quot;50&quot;,&quot;sizes&quot;:[]},&quot;jet_parallax_layout_bg_x&quot;:&quot;50&quot;,&quot;jet_parallax_layout_bg_y&quot;:&quot;50&quot;,&quot;jet_parallax_layout_image_tablet&quot;:{&quot;url&quot;:&quot;&quot;,&quot;id&quot;:&quot;&quot;,&quot;size&quot;:&quot;&quot;},&quot;jet_parallax_layout_image_mobile&quot;:{&quot;url&quot;:&quot;&quot;,&quot;id&quot;:&quot;&quot;,&quot;size&quot;:&quot;&quot;},&quot;jet_parallax_layout_type&quot;:&quot;scroll&quot;,&quot;jet_parallax_layout_direction&quot;:null,&quot;jet_parallax_layout_fx_direction&quot;:null,&quot;jet_parallax_layout_z_index&quot;:&quot;&quot;,&quot;jet_parallax_layout_bg_x_tablet&quot;:&quot;&quot;,&quot;jet_parallax_layout_bg_x_mobile&quot;:&quot;&quot;,&quot;jet_parallax_layout_bg_y_tablet&quot;:&quot;&quot;,&quot;jet_parallax_layout_bg_y_mobile&quot;:&quot;&quot;,&quot;jet_parallax_layout_bg_size&quot;:&quot;auto&quot;,&quot;jet_parallax_layout_bg_size_tablet&quot;:&quot;&quot;,&quot;jet_parallax_layout_bg_size_mobile&quot;:&quot;&quot;,&quot;jet_parallax_layout_animation_prop&quot;:&quot;transform&quot;,&quot;jet_parallax_layout_on&quot;:[&quot;desktop&quot;,&quot;tablet&quot;]}],&quot;background_background&quot;:&quot;classic&quot;}\">\n\t\t\t\t\t\t\t<div class=\"elementor-background-overlay\"><\/div>\n\t\t\t\t\t\t\t<div class=\"elementor-container elementor-column-gap-no\">\n\t\t\t\t\t<div class=\"elementor-column elementor-col-50 elementor-top-column elementor-element elementor-element-4d1fb482\" data-id=\"4d1fb482\" data-element_type=\"column\">\n\t\t\t<div class=\"elementor-widget-wrap elementor-element-populated\">\n\t\t\t\t\t\t<div class=\"elementor-element elementor-element-4b0a4e99 elementor-widget elementor-widget-heading\" data-id=\"4b0a4e99\" data-element_type=\"widget\" data-widget_type=\"heading.default\">\n\t\t\t\t<div class=\"elementor-widget-container\">\n\t\t\t\t\t<h1 class=\"elementor-heading-title elementor-size-default\">Estimation de voiture<\/h1>\t\t\t\t<\/div>\n\t\t\t\t<\/div>\n\t\t\t\t<div class=\"elementor-element elementor-element-edcad4d elementor-hidden-phone elementor-align-left elementor-widget elementor-widget-raven-breadcrumbs\" data-id=\"edcad4d\" data-element_type=\"widget\" data-widget_type=\"raven-breadcrumbs.default\">\n\t\t\t\t<div class=\"elementor-widget-container\">\n\t\t\t\t\t<div class=\"raven-breadcrumbs raven-breadcrumbs-default\"><div class=\"breadcrumb\">\t\t\t\t<div class=\"breadcrumb-item active\" aria-current=\"page\"><span>Home<\/span><\/div>\n\n\t\t\t\t<\/div><\/div>\t\t\t\t<\/div>\n\t\t\t\t<\/div>\n\t\t\t\t\t<\/div>\n\t\t<\/div>\n\t\t\t\t<div class=\"elementor-column elementor-col-50 elementor-top-column elementor-element elementor-element-4edc9420\" data-id=\"4edc9420\" data-element_type=\"column\">\n\t\t\t<div class=\"elementor-widget-wrap\">\n\t\t\t\t\t\t\t<\/div>\n\t\t<\/div>\n\t\t\t\t\t<\/div>\n\t\t<\/section>\n\t\t\t\t<section class=\"elementor-section elementor-top-section elementor-element elementor-element-76528e7c elementor-section-boxed elementor-section-height-default elementor-section-height-default\" data-id=\"76528e7c\" data-element_type=\"section\" data-settings=\"{&quot;jet_parallax_layout_list&quot;:[{&quot;jet_parallax_layout_image&quot;:{&quot;url&quot;:&quot;&quot;,&quot;id&quot;:&quot;&quot;,&quot;size&quot;:&quot;&quot;},&quot;_id&quot;:&quot;b794500&quot;,&quot;jet_parallax_layout_speed&quot;:{&quot;unit&quot;:&quot;%&quot;,&quot;size&quot;:&quot;50&quot;,&quot;sizes&quot;:[]},&quot;jet_parallax_layout_bg_x&quot;:&quot;50&quot;,&quot;jet_parallax_layout_bg_y&quot;:&quot;50&quot;,&quot;jet_parallax_layout_image_tablet&quot;:{&quot;url&quot;:&quot;&quot;,&quot;id&quot;:&quot;&quot;,&quot;size&quot;:&quot;&quot;},&quot;jet_parallax_layout_image_mobile&quot;:{&quot;url&quot;:&quot;&quot;,&quot;id&quot;:&quot;&quot;,&quot;size&quot;:&quot;&quot;},&quot;jet_parallax_layout_type&quot;:&quot;scroll&quot;,&quot;jet_parallax_layout_direction&quot;:null,&quot;jet_parallax_layout_fx_direction&quot;:null,&quot;jet_parallax_layout_z_index&quot;:&quot;&quot;,&quot;jet_parallax_layout_bg_x_tablet&quot;:&quot;&quot;,&quot;jet_parallax_layout_bg_x_mobile&quot;:&quot;&quot;,&quot;jet_parallax_layout_bg_y_tablet&quot;:&quot;&quot;,&quot;jet_parallax_layout_bg_y_mobile&quot;:&quot;&quot;,&quot;jet_parallax_layout_bg_size&quot;:&quot;auto&quot;,&quot;jet_parallax_layout_bg_size_tablet&quot;:&quot;&quot;,&quot;jet_parallax_layout_bg_size_mobile&quot;:&quot;&quot;,&quot;jet_parallax_layout_animation_prop&quot;:&quot;transform&quot;,&quot;jet_parallax_layout_on&quot;:[&quot;desktop&quot;,&quot;tablet&quot;]}],&quot;background_background&quot;:&quot;classic&quot;}\">\n\t\t\t\t\t\t<div class=\"elementor-container elementor-column-gap-no\">\n\t\t\t\t\t<div class=\"elementor-column elementor-col-100 elementor-top-column elementor-element elementor-element-ebde192\" data-id=\"ebde192\" data-element_type=\"column\">\n\t\t\t<div class=\"elementor-widget-wrap elementor-element-populated\">\n\t\t\t\t\t\t<div class=\"elementor-element elementor-element-23be0933 elementor-widget elementor-widget-heading\" data-id=\"23be0933\" data-element_type=\"widget\" data-widget_type=\"heading.default\">\n\t\t\t\t<div class=\"elementor-widget-container\">\n\t\t\t\t\t<h2 class=\"elementor-heading-title elementor-size-default\">Estimation des v\u00e9hicules anciens et sp\u00e9ciaux\n<\/h2>\t\t\t\t<\/div>\n\t\t\t\t<\/div>\n\t\t\t\t<div class=\"elementor-element elementor-element-2c3abfe elementor-widget elementor-widget-text-editor\" data-id=\"2c3abfe\" data-element_type=\"widget\" data-widget_type=\"text-editor.default\">\n\t\t\t\t<div class=\"elementor-widget-container\">\n\t\t\t\t\t\t\t\t\t<p>Vous recherchez l&#8217;avis d&#8217;un expert ind\u00e9pendant pour d\u00e9terminer la valeur d&#8217;un v\u00e9hicule ? BEK Consulting est une <a href=\"https:\/\/www.bek-consulting.eu\/fr\/\">agence d&#8217;experts sp\u00e9cialis\u00e9e<\/a> dans les voitures, tant anciennes que nouvelles ou autres v\u00e9hicules sp\u00e9ciaux.<\/p><p>En tant que propri\u00e9taire, vous avez tout int\u00e9r\u00eat \u00e0 pouvoir vous appuyer sur une estimation officielle. En cas d\u2019accident, de dommages ou de perte totale, le rapport d&#8217;\u00e9valuation vous permet de d\u00e9montrer l&#8217;\u00e9tat et la valeur r\u00e9els du v\u00e9hicule.<\/p><p>Notre \u00e9quipe d&#8217;experts vous aide avec une estimation experte et ind\u00e9pendante.<\/p>\t\t\t\t\t\t\t\t<\/div>\n\t\t\t\t<\/div>\n\t\t\t\t<section class=\"elementor-section elementor-inner-section elementor-element elementor-element-bad5f0f elementor-section-boxed elementor-section-height-default elementor-section-height-default\" data-id=\"bad5f0f\" data-element_type=\"section\" data-settings=\"{&quot;jet_parallax_layout_list&quot;:[{&quot;jet_parallax_layout_image&quot;:{&quot;url&quot;:&quot;&quot;,&quot;id&quot;:&quot;&quot;,&quot;size&quot;:&quot;&quot;},&quot;_id&quot;:&quot;14de4d8&quot;,&quot;jet_parallax_layout_image_tablet&quot;:{&quot;url&quot;:&quot;&quot;,&quot;id&quot;:&quot;&quot;,&quot;size&quot;:&quot;&quot;},&quot;jet_parallax_layout_image_mobile&quot;:{&quot;url&quot;:&quot;&quot;,&quot;id&quot;:&quot;&quot;,&quot;size&quot;:&quot;&quot;},&quot;jet_parallax_layout_speed&quot;:{&quot;unit&quot;:&quot;%&quot;,&quot;size&quot;:50,&quot;sizes&quot;:[]},&quot;jet_parallax_layout_type&quot;:&quot;scroll&quot;,&quot;jet_parallax_layout_direction&quot;:null,&quot;jet_parallax_layout_fx_direction&quot;:null,&quot;jet_parallax_layout_z_index&quot;:&quot;&quot;,&quot;jet_parallax_layout_bg_x&quot;:50,&quot;jet_parallax_layout_bg_x_tablet&quot;:&quot;&quot;,&quot;jet_parallax_layout_bg_x_mobile&quot;:&quot;&quot;,&quot;jet_parallax_layout_bg_y&quot;:50,&quot;jet_parallax_layout_bg_y_tablet&quot;:&quot;&quot;,&quot;jet_parallax_layout_bg_y_mobile&quot;:&quot;&quot;,&quot;jet_parallax_layout_bg_size&quot;:&quot;auto&quot;,&quot;jet_parallax_layout_bg_size_tablet&quot;:&quot;&quot;,&quot;jet_parallax_layout_bg_size_mobile&quot;:&quot;&quot;,&quot;jet_parallax_layout_animation_prop&quot;:&quot;transform&quot;,&quot;jet_parallax_layout_on&quot;:[&quot;desktop&quot;,&quot;tablet&quot;]}]}\">\n\t\t\t\t\t\t<div class=\"elementor-container elementor-column-gap-default\">\n\t\t\t\t\t<div class=\"elementor-column elementor-col-50 elementor-inner-column elementor-element elementor-element-6619519\" data-id=\"6619519\" data-element_type=\"column\">\n\t\t\t<div class=\"elementor-widget-wrap elementor-element-populated\">\n\t\t\t\t\t\t<div class=\"elementor-element elementor-element-60484f22 elementor-widget elementor-widget-raven-image\" data-id=\"60484f22\" data-element_type=\"widget\" data-widget_type=\"raven-image.default\">\n\t\t\t\t<div class=\"elementor-widget-container\">\n\t\t\t\t\t\t\t<div class=\"raven-image\">\n\t\t\n\t\t\n\t\t<img fetchpriority=\"high\" decoding=\"async\" width=\"1706\" height=\"2560\" src=\"https:\/\/www.bek-consulting.eu\/wp-content\/uploads\/2022\/02\/oldtimer-waardebepaling-scaled-1.jpg\" class=\"attachment-full size-full wp-image-2865\" alt=\"estimation de voiture anciens\" srcset=\"https:\/\/www.bek-consulting.eu\/wp-content\/uploads\/2022\/02\/oldtimer-waardebepaling-scaled-1.jpg 1706w, https:\/\/www.bek-consulting.eu\/wp-content\/uploads\/2022\/02\/oldtimer-waardebepaling-scaled-1-200x300.jpg 200w, https:\/\/www.bek-consulting.eu\/wp-content\/uploads\/2022\/02\/oldtimer-waardebepaling-scaled-1-682x1024.jpg 682w, https:\/\/www.bek-consulting.eu\/wp-content\/uploads\/2022\/02\/oldtimer-waardebepaling-scaled-1-768x1152.jpg 768w, https:\/\/www.bek-consulting.eu\/wp-content\/uploads\/2022\/02\/oldtimer-waardebepaling-scaled-1-1024x1536.jpg 1024w, https:\/\/www.bek-consulting.eu\/wp-content\/uploads\/2022\/02\/oldtimer-waardebepaling-scaled-1-1365x2048.jpg 1365w\" sizes=\"(max-width: 1706px) 100vw, 1706px\" \/>\t\t<\/div>\n\t\t\t\t\t\t<\/div>\n\t\t\t\t<\/div>\n\t\t\t\t\t<\/div>\n\t\t<\/div>\n\t\t\t\t<div class=\"elementor-column elementor-col-50 elementor-inner-column elementor-element elementor-element-eb783d3\" data-id=\"eb783d3\" data-element_type=\"column\">\n\t\t\t<div class=\"elementor-widget-wrap elementor-element-populated\">\n\t\t\t\t\t\t<div class=\"elementor-element elementor-element-8a945ee elementor-widget elementor-widget-heading\" data-id=\"8a945ee\" data-element_type=\"widget\" data-widget_type=\"heading.default\">\n\t\t\t\t<div class=\"elementor-widget-container\">\n\t\t\t\t\t<h2 class=\"elementor-heading-title elementor-size-default\">Quand une est<b>i<\/b>mation de v\u00e9hicule peut-elle \u00eatre utile?<\/h2>\t\t\t\t<\/div>\n\t\t\t\t<\/div>\n\t\t\t\t<div class=\"elementor-element elementor-element-65f05424 elementor-widget elementor-widget-text-editor\" data-id=\"65f05424\" data-element_type=\"widget\" data-widget_type=\"text-editor.default\">\n\t\t\t\t<div class=\"elementor-widget-container\">\n\t\t\t\t\t\t\t\t\t<p>Lorsque vous souhaitez mettre en circulation une voiture sp\u00e9ciale <b>ou une voiture ancienne<\/b>, vous devez souscrire une police d&#8217;assurance. L\u2019assureur demande \u00e0 un expert de d\u00e9terminer la valeur du v\u00e9hicule. En fonction de cette conclusion, votre police d&#8217;assurance sera \u00e9tablie.<\/p><p>Il est toujours bon de faire appel \u00e0 un expert ind\u00e9pendant pour une estimation correcte. C&#8217;est le seul moyen d&#8217;\u00eatre s\u00fbr d&#8217;obtenir une valeur s\u00fbre. La valeur d&#8217;origine est tr\u00e8s importante si le v\u00e9hicule est endommag\u00e9 par la suite.<\/p><p>Il est \u00e9galement int\u00e9ressant de faire une estimation de la valeur<b> en cas de perte totale<\/b> de la voiture. Ici aussi, la valeur du v\u00e9hicule d\u00e9termine la bonne indemnisation.<\/p><p>Vous n\u2019\u00eates pas d\u2019accord avec la proposition de la compagnie d&#8217;assurance ? N&#8217;h\u00e9sitez pas \u00e0 nous contacter !<\/p><p>Une estimation ou une estimation d&#8217;un v\u00e9hicule sp\u00e9cial est \u00e9galement utile lors de la\u00a0<b>vente du v\u00e9hicule<\/b>. Avec une estimation professionnelle, vous disposez imm\u00e9diatement d&#8217;un bon outil pour la vente du v\u00e9hicule.<\/p><ul><li>Estimation des voitures anciennes<\/li><li>Estimation de nouvelles voitures<\/li><li>Estimation des camping-cars de luxe<\/li><li>Estimation des v\u00e9hicules sp\u00e9ciaux<\/li><li>Estimation en cas de perte totale<\/li><\/ul>\t\t\t\t\t\t\t\t<\/div>\n\t\t\t\t<\/div>\n\t\t\t\t\t<\/div>\n\t\t<\/div>\n\t\t\t\t\t<\/div>\n\t\t<\/section>\n\t\t\t\t\t<\/div>\n\t\t<\/div>\n\t\t\t\t\t<\/div>\n\t\t<\/section>\n\t\t\t\t<section class=\"elementor-section elementor-top-section elementor-element elementor-element-4ec93a1 elementor-section-boxed elementor-section-height-default elementor-section-height-default\" data-id=\"4ec93a1\" data-element_type=\"section\" data-settings=\"{&quot;jet_parallax_layout_list&quot;:[]}\">\n\t\t\t\t\t\t<div class=\"elementor-container elementor-column-gap-default\">\n\t\t\t\t\t<div class=\"elementor-column elementor-col-100 elementor-top-column elementor-element elementor-element-5400b56\" data-id=\"5400b56\" data-element_type=\"column\">\n\t\t\t<div class=\"elementor-widget-wrap elementor-element-populated\">\n\t\t\t\t\t\t<div class=\"elementor-element elementor-element-ba701f3 elementor-widget elementor-widget-text-editor\" data-id=\"ba701f3\" data-element_type=\"widget\" data-widget_type=\"text-editor.default\">\n\t\t\t\t<div class=\"elementor-widget-container\">\n\t\t\t\t\t\t\t\t\t<p><span style=\"color: #000000; font-family: Poppins; font-size: 25px; font-weight: bold;\">Perte totale<\/span><\/p><div><p><br \/>En cas de perte totale d&#8217;une voiture, l\u2019assureur d\u00e9terminera quelle \u00e9tait la valeur actuelle de la voiture avant qu&#8217;elle ne soit endommag\u00e9e. Un expert sera nomm\u00e9 pour d\u00e9terminer la valeur du v\u00e9hicule. Sur la base de cette estimation, une proposition de r\u00e9mun\u00e9ration est faite.<\/p><p>Nous constatons qu&#8217;il y a souvent une insatisfaction quant \u00e0 l&#8217;estimation de la voiture. Par cons\u00e9quent, la r\u00e9mun\u00e9ration est \u00e9galement plus faible.<\/p><p>En cas de perte totale, il est toujours bon de faire d\u00e9terminer la valeur de la voiture par un bureau d&#8217;expertise ind\u00e9pendant. Nos experts d\u00e9fendent vos droits et vos int\u00e9r\u00eats.<\/p><\/div><div><h2 style=\"font-size: 25px;\" data-elementor-setting-key=\"title\" data-pen-placeholder=\"Type Here...\"><br \/>Voici comment nous d\u00e9terminons la valeur correcte de votre v\u00e9hicule<\/h2><p><br \/>Afin de calculer la valeur correcte d&#8217;un v\u00e9hicule, nous effectuons plusieurs op\u00e9rations diff\u00e9rentes.<\/p><ul><li>Examen physique du v\u00e9hicule<\/li><li>Contr\u00f4le technique approfondi<\/li><li>V\u00e9rification de l&#8217;historique et des documents du conseil<\/li><li>Reportage photo<\/li><li>Rapport d\u00e9taill\u00e9 avec une description du v\u00e9hicule<\/li><li>Estimation<\/li><\/ul><p>L&#8217;estimation que vous recevez est bas\u00e9e sur l&#8217;\u00e9tat r\u00e9el du v\u00e9hicule au moment de l&#8217;inspection. Elle tient \u00e9galement compte de la valeur marchande actuelle de la marque, du type et du mod\u00e8le du v\u00e9hicule.<\/p><h2 style=\"font-size: 25px;\" data-elementor-setting-key=\"title\" data-pen-placeholder=\"Type Here...\"><br \/>Que peut faire pour vous un bureau d&#8217;expertise sp\u00e9cialis\u00e9?<\/h2><p><br \/>En faisant appel \u00e0 l&#8217;exp\u00e9rience et aux connaissances d&#8217;un bureau d\u2019expertise sp\u00e9cialis\u00e9, vous vous donnez plus d&#8217;espace et de s\u00e9curit\u00e9. Un bureau ind\u00e9pendant vous donnera toujours un aper\u00e7u de la valeur r\u00e9elle et actuelle de votre voiture.<\/p><p>Nous d\u00e9fendons vos droits et vos int\u00e9r\u00eats. Contactez-nous d\u00e8s aujourd&#8217;hui pour l\u2019estimation de votre voiture.<\/p><\/div>\t\t\t\t\t\t\t\t<\/div>\n\t\t\t\t<\/div>\n\t\t\t\t\t<\/div>\n\t\t<\/div>\n\t\t\t\t\t<\/div>\n\t\t<\/section>\n\t\t\t\t<\/div>\n\t\t","protected":false},"excerpt":{"rendered":"<p>Estimation de voiture Home Estimation des v\u00e9hicules anciens et sp\u00e9ciaux Vous recherchez l&#8217;avis d&#8217;un expert ind\u00e9pendant pour d\u00e9terminer la valeur d&#8217;un v\u00e9hicule ? BEK Consulting est une agence d&#8217;experts sp\u00e9cialis\u00e9e dans les voitures, tant anciennes que nouvelles ou autres v\u00e9hicules sp\u00e9ciaux. En tant que propri\u00e9taire, vous avez tout int\u00e9r\u00eat \u00e0 pouvoir vous appuyer sur une [&hellip;]<\/p>\n","protected":false},"author":1,"featured_media":2865,"parent":0,"menu_order":0,"comment_status":"closed","ping_status":"closed","template":"elementor_header_footer","meta":{"_acf_changed":false,"inline_featured_image":false,"footnotes":""},"class_list":["post-1346","page","type-page","status-publish","has-post-thumbnail","hentry"],"acf":[],"_links":{"self":[{"href":"https:\/\/www.bek-consulting.eu\/fr\/wp-json\/wp\/v2\/pages\/1346","targetHints":{"allow":["GET"]}}],"collection":[{"href":"https:\/\/www.bek-consulting.eu\/fr\/wp-json\/wp\/v2\/pages"}],"about":[{"href":"https:\/\/www.bek-consulting.eu\/fr\/wp-json\/wp\/v2\/types\/page"}],"author":[{"embeddable":true,"href":"https:\/\/www.bek-consulting.eu\/fr\/wp-json\/wp\/v2\/users\/1"}],"replies":[{"embeddable":true,"href":"https:\/\/www.bek-consulting.eu\/fr\/wp-json\/wp\/v2\/comments?post=1346"}],"version-history":[{"count":16,"href":"https:\/\/www.bek-consulting.eu\/fr\/wp-json\/wp\/v2\/pages\/1346\/revisions"}],"predecessor-version":[{"id":2990,"href":"https:\/\/www.bek-consulting.eu\/fr\/wp-json\/wp\/v2\/pages\/1346\/revisions\/2990"}],"wp:featuredmedia":[{"embeddable":true,"href":"https:\/\/www.bek-consulting.eu\/fr\/wp-json\/wp\/v2\/media\/2865"}],"wp:attachment":[{"href":"https:\/\/www.bek-consulting.eu\/fr\/wp-json\/wp\/v2\/media?parent=1346"}],"curies":[{"name":"wp","href":"https:\/\/api.w.org\/{rel}","templated":true}]}}