{"id":1344,"date":"2021-02-25T15:05:21","date_gmt":"2021-02-25T13:05:21","guid":{"rendered":"https:\/\/www.bek-consulting.eu\/rechtsbijstand\/gebouwschade\/"},"modified":"2022-02-28T11:24:47","modified_gmt":"2022-02-28T09:24:47","slug":"dommages-au-batiment","status":"publish","type":"page","link":"https:\/\/www.bek-consulting.eu\/fr\/assistance-juridique\/dommages-au-batiment\/","title":{"rendered":"Dommages au b\u00e2timent"},"content":{"rendered":"\t\t<div data-elementor-type=\"wp-page\" data-elementor-id=\"1344\" class=\"elementor elementor-1344 elementor-459\" data-elementor-post-type=\"page\">\n\t\t\t\t\t\t<section class=\"elementor-section elementor-top-section elementor-element elementor-element-41412925 elementor-section-boxed elementor-section-height-default elementor-section-height-default\" data-id=\"41412925\" data-element_type=\"section\" data-settings=\"{&quot;jet_parallax_layout_list&quot;:[{&quot;jet_parallax_layout_image&quot;:{&quot;url&quot;:&quot;&quot;,&quot;id&quot;:&quot;&quot;,&quot;size&quot;:&quot;&quot;},&quot;_id&quot;:&quot;bd17729&quot;,&quot;jet_parallax_layout_speed&quot;:{&quot;unit&quot;:&quot;%&quot;,&quot;size&quot;:&quot;50&quot;,&quot;sizes&quot;:[]},&quot;jet_parallax_layout_bg_x&quot;:&quot;50&quot;,&quot;jet_parallax_layout_bg_y&quot;:&quot;50&quot;,&quot;jet_parallax_layout_image_tablet&quot;:{&quot;url&quot;:&quot;&quot;,&quot;id&quot;:&quot;&quot;,&quot;size&quot;:&quot;&quot;},&quot;jet_parallax_layout_image_mobile&quot;:{&quot;url&quot;:&quot;&quot;,&quot;id&quot;:&quot;&quot;,&quot;size&quot;:&quot;&quot;},&quot;jet_parallax_layout_type&quot;:&quot;scroll&quot;,&quot;jet_parallax_layout_direction&quot;:null,&quot;jet_parallax_layout_fx_direction&quot;:null,&quot;jet_parallax_layout_z_index&quot;:&quot;&quot;,&quot;jet_parallax_layout_bg_x_tablet&quot;:&quot;&quot;,&quot;jet_parallax_layout_bg_x_mobile&quot;:&quot;&quot;,&quot;jet_parallax_layout_bg_y_tablet&quot;:&quot;&quot;,&quot;jet_parallax_layout_bg_y_mobile&quot;:&quot;&quot;,&quot;jet_parallax_layout_bg_size&quot;:&quot;auto&quot;,&quot;jet_parallax_layout_bg_size_tablet&quot;:&quot;&quot;,&quot;jet_parallax_layout_bg_size_mobile&quot;:&quot;&quot;,&quot;jet_parallax_layout_animation_prop&quot;:&quot;transform&quot;,&quot;jet_parallax_layout_on&quot;:[&quot;desktop&quot;,&quot;tablet&quot;]}],&quot;background_background&quot;:&quot;classic&quot;}\">\n\t\t\t\t\t\t\t<div class=\"elementor-background-overlay\"><\/div>\n\t\t\t\t\t\t\t<div class=\"elementor-container elementor-column-gap-no\">\n\t\t\t\t\t<div class=\"elementor-column elementor-col-50 elementor-top-column elementor-element elementor-element-32f8eb57\" data-id=\"32f8eb57\" data-element_type=\"column\">\n\t\t\t<div class=\"elementor-widget-wrap elementor-element-populated\">\n\t\t\t\t\t\t<div class=\"elementor-element elementor-element-4a71ecd0 elementor-widget elementor-widget-heading\" data-id=\"4a71ecd0\" data-element_type=\"widget\" data-widget_type=\"heading.default\">\n\t\t\t\t<div class=\"elementor-widget-container\">\n\t\t\t\t\t<h1 class=\"elementor-heading-title elementor-size-default\">Dommages au b\u00e2timent<\/h1>\t\t\t\t<\/div>\n\t\t\t\t<\/div>\n\t\t\t\t<div class=\"elementor-element elementor-element-c867a8a elementor-hidden-phone elementor-align-left elementor-widget elementor-widget-raven-breadcrumbs\" data-id=\"c867a8a\" data-element_type=\"widget\" data-widget_type=\"raven-breadcrumbs.default\">\n\t\t\t\t<div class=\"elementor-widget-container\">\n\t\t\t\t\t<div class=\"raven-breadcrumbs raven-breadcrumbs-default\"><div class=\"breadcrumb\">\t\t\t\t<div class=\"breadcrumb-item active\" aria-current=\"page\"><span>Home<\/span><\/div>\n\n\t\t\t\t<\/div><\/div>\t\t\t\t<\/div>\n\t\t\t\t<\/div>\n\t\t\t\t\t<\/div>\n\t\t<\/div>\n\t\t\t\t<div class=\"elementor-column elementor-col-50 elementor-top-column elementor-element elementor-element-62c867db\" data-id=\"62c867db\" data-element_type=\"column\">\n\t\t\t<div class=\"elementor-widget-wrap\">\n\t\t\t\t\t\t\t<\/div>\n\t\t<\/div>\n\t\t\t\t\t<\/div>\n\t\t<\/section>\n\t\t\t\t<section class=\"elementor-section elementor-top-section elementor-element elementor-element-70126d7 elementor-reverse-mobile elementor-section-boxed elementor-section-height-default elementor-section-height-default\" data-id=\"70126d7\" data-element_type=\"section\" data-settings=\"{&quot;jet_parallax_layout_list&quot;:[{&quot;jet_parallax_layout_image&quot;:{&quot;url&quot;:&quot;&quot;,&quot;id&quot;:&quot;&quot;,&quot;size&quot;:&quot;&quot;},&quot;_id&quot;:&quot;b794500&quot;,&quot;jet_parallax_layout_speed&quot;:{&quot;unit&quot;:&quot;%&quot;,&quot;size&quot;:&quot;50&quot;,&quot;sizes&quot;:[]},&quot;jet_parallax_layout_bg_x&quot;:&quot;50&quot;,&quot;jet_parallax_layout_bg_y&quot;:&quot;50&quot;,&quot;jet_parallax_layout_image_tablet&quot;:{&quot;url&quot;:&quot;&quot;,&quot;id&quot;:&quot;&quot;,&quot;size&quot;:&quot;&quot;},&quot;jet_parallax_layout_image_mobile&quot;:{&quot;url&quot;:&quot;&quot;,&quot;id&quot;:&quot;&quot;,&quot;size&quot;:&quot;&quot;},&quot;jet_parallax_layout_type&quot;:&quot;scroll&quot;,&quot;jet_parallax_layout_direction&quot;:null,&quot;jet_parallax_layout_fx_direction&quot;:null,&quot;jet_parallax_layout_z_index&quot;:&quot;&quot;,&quot;jet_parallax_layout_bg_x_tablet&quot;:&quot;&quot;,&quot;jet_parallax_layout_bg_x_mobile&quot;:&quot;&quot;,&quot;jet_parallax_layout_bg_y_tablet&quot;:&quot;&quot;,&quot;jet_parallax_layout_bg_y_mobile&quot;:&quot;&quot;,&quot;jet_parallax_layout_bg_size&quot;:&quot;auto&quot;,&quot;jet_parallax_layout_bg_size_tablet&quot;:&quot;&quot;,&quot;jet_parallax_layout_bg_size_mobile&quot;:&quot;&quot;,&quot;jet_parallax_layout_animation_prop&quot;:&quot;transform&quot;,&quot;jet_parallax_layout_on&quot;:[&quot;desktop&quot;,&quot;tablet&quot;]}],&quot;background_background&quot;:&quot;classic&quot;}\">\n\t\t\t\t\t\t<div class=\"elementor-container elementor-column-gap-no\">\n\t\t\t\t\t<div class=\"elementor-column elementor-col-50 elementor-top-column elementor-element elementor-element-62ffb6b4\" data-id=\"62ffb6b4\" data-element_type=\"column\">\n\t\t\t<div class=\"elementor-widget-wrap elementor-element-populated\">\n\t\t\t\t\t\t<div class=\"elementor-element elementor-element-6a612be elementor-widget elementor-widget-template\" data-id=\"6a612be\" data-element_type=\"widget\" data-widget_type=\"template.default\">\n\t\t\t\t<div class=\"elementor-widget-container\">\n\t\t\t\t\t\t\t<div class=\"elementor-template\">\n\t\t\t\t\t<div data-elementor-type=\"section\" data-elementor-id=\"1327\" class=\"elementor elementor-1327 elementor-1022\" data-elementor-post-type=\"elementor_library\">\n\t\t\t\t\t<section class=\"elementor-section elementor-inner-section elementor-element elementor-element-12d27db5 elementor-section-boxed elementor-section-height-default elementor-section-height-default\" data-id=\"12d27db5\" data-element_type=\"section\" data-settings=\"{&quot;jet_parallax_layout_list&quot;:[{&quot;jet_parallax_layout_image&quot;:{&quot;url&quot;:&quot;&quot;,&quot;id&quot;:&quot;&quot;,&quot;size&quot;:&quot;&quot;},&quot;_id&quot;:&quot;0a3680b&quot;,&quot;jet_parallax_layout_speed&quot;:{&quot;unit&quot;:&quot;%&quot;,&quot;size&quot;:&quot;50&quot;,&quot;sizes&quot;:[]},&quot;jet_parallax_layout_bg_x&quot;:&quot;50&quot;,&quot;jet_parallax_layout_bg_y&quot;:&quot;50&quot;,&quot;jet_parallax_layout_image_tablet&quot;:{&quot;url&quot;:&quot;&quot;,&quot;id&quot;:&quot;&quot;,&quot;size&quot;:&quot;&quot;},&quot;jet_parallax_layout_image_mobile&quot;:{&quot;url&quot;:&quot;&quot;,&quot;id&quot;:&quot;&quot;,&quot;size&quot;:&quot;&quot;},&quot;jet_parallax_layout_type&quot;:&quot;scroll&quot;,&quot;jet_parallax_layout_direction&quot;:null,&quot;jet_parallax_layout_fx_direction&quot;:null,&quot;jet_parallax_layout_z_index&quot;:&quot;&quot;,&quot;jet_parallax_layout_bg_x_tablet&quot;:&quot;&quot;,&quot;jet_parallax_layout_bg_x_mobile&quot;:&quot;&quot;,&quot;jet_parallax_layout_bg_y_tablet&quot;:&quot;&quot;,&quot;jet_parallax_layout_bg_y_mobile&quot;:&quot;&quot;,&quot;jet_parallax_layout_bg_size&quot;:&quot;auto&quot;,&quot;jet_parallax_layout_bg_size_tablet&quot;:&quot;&quot;,&quot;jet_parallax_layout_bg_size_mobile&quot;:&quot;&quot;,&quot;jet_parallax_layout_animation_prop&quot;:&quot;transform&quot;,&quot;jet_parallax_layout_on&quot;:[&quot;desktop&quot;,&quot;tablet&quot;]}]}\">\n\t\t\t\t\t\t<div class=\"elementor-container elementor-column-gap-no\">\n\t\t\t\t\t<div class=\"elementor-column elementor-col-100 elementor-inner-column elementor-element elementor-element-18be328e\" data-id=\"18be328e\" data-element_type=\"column\" data-settings=\"{&quot;background_background&quot;:&quot;classic&quot;}\">\n\t\t\t<div class=\"elementor-widget-wrap elementor-element-populated\">\n\t\t\t\t\t\t<div class=\"elementor-element elementor-element-8a054bc elementor-widget__width-inherit elementor-widget elementor-widget-button\" data-id=\"8a054bc\" data-element_type=\"widget\" data-widget_type=\"button.default\">\n\t\t\t\t<div class=\"elementor-widget-container\">\n\t\t\t\t\t\t\t\t\t<div class=\"elementor-button-wrapper\">\n\t\t\t\t\t<a class=\"elementor-button elementor-button-link elementor-size-sm\" href=\"https:\/\/www.bek-consulting.eu\/fr\/conseiller-juridique\/dommages-incendie-et-assurance-incendie\/\">\n\t\t\t\t\t\t<span class=\"elementor-button-content-wrapper\">\n\t\t\t\t\t\t<span class=\"elementor-button-icon\">\n\t\t\t\t<i aria-hidden=\"true\" class=\"fas fa-angle-right\"><\/i>\t\t\t<\/span>\n\t\t\t\t\t\t\t\t\t<span class=\"elementor-button-text\">Dommages incendie et assurance incendie<\/span>\n\t\t\t\t\t<\/span>\n\t\t\t\t\t<\/a>\n\t\t\t\t<\/div>\n\t\t\t\t\t\t\t\t<\/div>\n\t\t\t\t<\/div>\n\t\t\t\t<div class=\"elementor-element elementor-element-2c143999 elementor-widget__width-inherit elementor-widget elementor-widget-button\" data-id=\"2c143999\" data-element_type=\"widget\" data-widget_type=\"button.default\">\n\t\t\t\t<div class=\"elementor-widget-container\">\n\t\t\t\t\t\t\t\t\t<div class=\"elementor-button-wrapper\">\n\t\t\t\t\t<a class=\"elementor-button elementor-button-link elementor-size-sm\" href=\"https:\/\/www.bek-consulting.eu\/fr\/conseiller-juridique\/contre-expertise-de-voiture-degats-de-tempete-degats-de-chantier\/\">\n\t\t\t\t\t\t<span class=\"elementor-button-content-wrapper\">\n\t\t\t\t\t\t<span class=\"elementor-button-icon\">\n\t\t\t\t<i aria-hidden=\"true\" class=\"fas fa-angle-right\"><\/i>\t\t\t<\/span>\n\t\t\t\t\t\t\t\t\t<span class=\"elementor-button-text\">Contre-expertise<\/span>\n\t\t\t\t\t<\/span>\n\t\t\t\t\t<\/a>\n\t\t\t\t<\/div>\n\t\t\t\t\t\t\t\t<\/div>\n\t\t\t\t<\/div>\n\t\t\t\t<div class=\"elementor-element elementor-element-e5cb154 elementor-widget__width-inherit elementor-widget elementor-widget-button\" data-id=\"e5cb154\" data-element_type=\"widget\" data-widget_type=\"button.default\">\n\t\t\t\t<div class=\"elementor-widget-container\">\n\t\t\t\t\t\t\t\t\t<div class=\"elementor-button-wrapper\">\n\t\t\t\t\t<a class=\"elementor-button elementor-button-link elementor-size-sm\" href=\"https:\/\/www.bek-consulting.eu\/fr\/conseiller-juridique\/garanties\/\">\n\t\t\t\t\t\t<span class=\"elementor-button-content-wrapper\">\n\t\t\t\t\t\t<span class=\"elementor-button-icon\">\n\t\t\t\t<i aria-hidden=\"true\" class=\"fas fa-angle-right\"><\/i>\t\t\t<\/span>\n\t\t\t\t\t\t\t\t\t<span class=\"elementor-button-text\">Garanties<\/span>\n\t\t\t\t\t<\/span>\n\t\t\t\t\t<\/a>\n\t\t\t\t<\/div>\n\t\t\t\t\t\t\t\t<\/div>\n\t\t\t\t<\/div>\n\t\t\t\t<div class=\"elementor-element elementor-element-574063ab elementor-widget__width-inherit elementor-widget elementor-widget-button\" data-id=\"574063ab\" data-element_type=\"widget\" data-widget_type=\"button.default\">\n\t\t\t\t<div class=\"elementor-widget-container\">\n\t\t\t\t\t\t\t\t\t<div class=\"elementor-button-wrapper\">\n\t\t\t\t\t<a class=\"elementor-button elementor-button-link elementor-size-sm\" href=\"https:\/\/www.bek-consulting.eu\/fr\/conseiller-juridique\/dommages-techniques-au-moteur\/\">\n\t\t\t\t\t\t<span class=\"elementor-button-content-wrapper\">\n\t\t\t\t\t\t<span class=\"elementor-button-icon\">\n\t\t\t\t<i aria-hidden=\"true\" class=\"fas fa-angle-right\"><\/i>\t\t\t<\/span>\n\t\t\t\t\t\t\t\t\t<span class=\"elementor-button-text\">Dommages techniques au moteur<\/span>\n\t\t\t\t\t<\/span>\n\t\t\t\t\t<\/a>\n\t\t\t\t<\/div>\n\t\t\t\t\t\t\t\t<\/div>\n\t\t\t\t<\/div>\n\t\t\t\t<div class=\"elementor-element elementor-element-2ba36598 elementor-widget__width-inherit elementor-widget elementor-widget-button\" data-id=\"2ba36598\" data-element_type=\"widget\" data-widget_type=\"button.default\">\n\t\t\t\t<div class=\"elementor-widget-container\">\n\t\t\t\t\t\t\t\t\t<div class=\"elementor-button-wrapper\">\n\t\t\t\t\t<a class=\"elementor-button elementor-button-link elementor-size-sm\" href=\"https:\/\/www.bek-consulting.eu\/fr\/conseiller-juridique\/dommages-au-batiment\/\">\n\t\t\t\t\t\t<span class=\"elementor-button-content-wrapper\">\n\t\t\t\t\t\t<span class=\"elementor-button-icon\">\n\t\t\t\t<i aria-hidden=\"true\" class=\"fas fa-angle-right\"><\/i>\t\t\t<\/span>\n\t\t\t\t\t\t\t\t\t<span class=\"elementor-button-text\">Dommages au b\u00e2timent<\/span>\n\t\t\t\t\t<\/span>\n\t\t\t\t\t<\/a>\n\t\t\t\t<\/div>\n\t\t\t\t\t\t\t\t<\/div>\n\t\t\t\t<\/div>\n\t\t\t\t\t<\/div>\n\t\t<\/div>\n\t\t\t\t\t<\/div>\n\t\t<\/section>\n\t\t\t\t<\/div>\n\t\t\t\t<\/div>\n\t\t\t\t\t\t<\/div>\n\t\t\t\t<\/div>\n\t\t\t\t\t<\/div>\n\t\t<\/div>\n\t\t\t\t<div class=\"elementor-column elementor-col-50 elementor-top-column elementor-element elementor-element-313f7dd9\" data-id=\"313f7dd9\" data-element_type=\"column\">\n\t\t\t<div class=\"elementor-widget-wrap elementor-element-populated\">\n\t\t\t\t\t\t<div class=\"elementor-element elementor-element-36d296e8 elementor-widget elementor-widget-raven-image\" data-id=\"36d296e8\" data-element_type=\"widget\" data-widget_type=\"raven-image.default\">\n\t\t\t\t<div class=\"elementor-widget-container\">\n\t\t\t\t\t\t\t<div class=\"raven-image\">\n\t\t\n\t\t\n\t\t<img fetchpriority=\"high\" decoding=\"async\" width=\"1920\" height=\"1280\" src=\"https:\/\/www.bek-consulting.eu\/wp-content\/uploads\/2022\/02\/pawel-czerwinski-c632i9UvEiY-unsplash-1.jpg\" class=\"attachment-full size-full wp-image-2925\" alt=\"dommages au b\u00e2timent\" srcset=\"https:\/\/www.bek-consulting.eu\/wp-content\/uploads\/2022\/02\/pawel-czerwinski-c632i9UvEiY-unsplash-1.jpg 1920w, https:\/\/www.bek-consulting.eu\/wp-content\/uploads\/2022\/02\/pawel-czerwinski-c632i9UvEiY-unsplash-1-300x200.jpg 300w, https:\/\/www.bek-consulting.eu\/wp-content\/uploads\/2022\/02\/pawel-czerwinski-c632i9UvEiY-unsplash-1-1024x683.jpg 1024w, https:\/\/www.bek-consulting.eu\/wp-content\/uploads\/2022\/02\/pawel-czerwinski-c632i9UvEiY-unsplash-1-768x512.jpg 768w, https:\/\/www.bek-consulting.eu\/wp-content\/uploads\/2022\/02\/pawel-czerwinski-c632i9UvEiY-unsplash-1-1536x1024.jpg 1536w\" sizes=\"(max-width: 1920px) 100vw, 1920px\" \/>\t\t<\/div>\n\t\t\t\t\t\t<\/div>\n\t\t\t\t<\/div>\n\t\t\t\t<div class=\"elementor-element elementor-element-1f12e4c6 elementor-widget elementor-widget-text-editor\" data-id=\"1f12e4c6\" data-element_type=\"widget\" data-widget_type=\"text-editor.default\">\n\t\t\t\t<div class=\"elementor-widget-container\">\n\t\t\t\t\t\t\t\t\t<h2><span style=\"color: #000000;\">Dommages au b\u00e2timent<\/span><\/h2>\n<p>Les dommages aux b\u00e2timents peuvent \u00eatre caus\u00e9s de diff\u00e9rentes mani\u00e8res : d\u00e9g\u00e2ts de temp\u00eate, d\u00e9g\u00e2ts des eaux ou dommages caus\u00e9s pendant les travaux de construction. Quelle qu&#8217;en soit la cause, les dommages aux b\u00e2timents entra\u00eenent beaucoup de d\u00e9penses et de d\u00e9sagr\u00e9ments. Vous d\u00e9posez une demande d&#8217;indemnisation aupr\u00e8s de votre courtier d&#8217;assurance et recevez une proposition d&#8217;indemnisation. Mais que faire si l&#8217;indemnisation est loin d&#8217;\u00eatre suffisante ou si vous n&#8217;\u00eates pas d&#8217;accord avec le rapport \u00e9tabli ?<\/p>\n<p>Un <a href=\"https:\/\/www.bek-consulting.eu\/fr\/\">expert <\/a>en sinistres ind\u00e9pendant, sp\u00e9cialis\u00e9 dans les dommages aux b\u00e2timents, peut vous aider.<\/p>\n<h2><span style=\"color: #000000;\">Qu&#8217;est-ce qu&#8217;un dommage au b\u00e2timent?<\/span><\/h2>\n<p>Les dommages aux b\u00e2timents peuvent prendre diff\u00e9rentes formes en fonction de la cause du sinistre. Les demandes d&#8217;indemnisation adress\u00e9es aux compagnies d&#8217;assurance concernent g\u00e9n\u00e9ralement diff\u00e9rents types de dommages caus\u00e9s \u00e0 une maison ou \u00e0 un b\u00e2timent :<\/p>\n<ul>\n<li>D\u00e9g\u00e2ts des eaux apr\u00e8s une temp\u00eate ou une inondation<\/li>\n<li>Dommages caus\u00e9s par la temp\u00eate au toit ou aux murs<\/li>\n<li>Dommages caus\u00e9s par une chute d&#8217;arbres<\/li>\n<li>Dommages caus\u00e9s par des travaux de construction (sur le propre b\u00e2timent ou sur un b\u00e2timent voisin)<\/li>\n<li>Dommages caus\u00e9s par l&#8217;humidit\u00e9<\/li>\n<\/ul>\n<p>Dans certains cas, votre maison est endommag\u00e9e parce que votre voisin effectue des travaux, ou l&#8217;humidit\u00e9 s&#8217;est infiltr\u00e9e dans votre maison apr\u00e8s la construction d&#8217;une nouvelle maison contre celle-ci. Les causes sont infinies et le co\u00fbt des r\u00e9parations l&#8217;est tout autant.<\/p>\n<p>Afin de recevoir une indemnisation appropri\u00e9e, il est important que la cause du dommage soit correctement examin\u00e9e et analys\u00e9e.<\/p>\n<h2><span style=\"color: #000000;\">Comment nous pouvons vous aider: contre-expertise et assistance juridique<\/span><\/h2>\n<p>La proposition d&#8217;indemnisation que vous recevez de la compagnie d&#8217;assurance est, dans de nombreux cas, insuffisante. L&#8217;expert en sinistres d\u00e9sign\u00e9 n&#8217;a pas vos int\u00e9r\u00eats en t\u00eate lorsqu&#8217;il r\u00e9dige sa proposition. Vous avez donc tout int\u00e9r\u00eat \u00e0 compter sur un expert qui est de votre c\u00f4t\u00e9 !<\/p>\n<p>Nos experts se rendent chez vous pour mesurer et examiner les dommages. Nous examinons tous les aspects du b\u00e2timent, les dommages, les facteurs environnementaux et la cause. Nous pr\u00e9parons ensuite un dossier complet avec nos conclusions, notre analyse et notre contre-expertise.<\/p>\n<p>Nous d\u00e9fendons vos droits et vos int\u00e9r\u00eats afin de parvenir \u00e0 une solution acceptable. Nous agissons \u00e9galement en tant que m\u00e9diateurs lors de litiges et de d\u00e9saccords juridiques.<\/p>\n<h2><span style=\"color: #000000;\">Assistance juridique lors de dommages \u00e0 votre b\u00e2timent<\/span><\/h2>\n<p>BEK Consulting est sp\u00e9cialis\u00e9 dans les dommages aux b\u00e2timents. Nos experts ont beaucoup d\u2019exp\u00e9rience et sont sp\u00e9cialis\u00e9s dans les dommages. Nous effectuons une \u00e9tude compl\u00e8te des dommages et fournissons une <a href=\"https:\/\/www.bek-consulting.eu\/fr\/assistance-juridique\/contre-expertise-de-voiture-degats-de-tempete-degats-de-chantier\/\">contre-expertise<\/a> \u00e0 la compagnie d&#8217;assurance. Nos experts feront tout leur possible pour trouver une solution qui vous convienne.<\/p>\t\t\t\t\t\t\t\t<\/div>\n\t\t\t\t<\/div>\n\t\t\t\t\t<\/div>\n\t\t<\/div>\n\t\t\t\t\t<\/div>\n\t\t<\/section>\n\t\t\t\t<\/div>\n\t\t","protected":false},"excerpt":{"rendered":"<p>Dommages au b\u00e2timent Home Vous pouvez \u00eatre confront\u00e9 \u00e0 diverses formes de dommages aux b\u00e2timents, aux temp\u00eates, aux dommages caus\u00e9s \u00e0 votre maison, aux d\u00e9g\u00e2ts des eaux et \u00e0 l&#8217;humidit\u00e9 de votre maison. Lorsque vous faites une d\u00e9claration \u00e0 votre assureur, ce dernier commande un expert en sinistres. Apr\u00e8s l&#8217;expertise, l&#8217;expert vous adressera toujours une [&hellip;]<\/p>\n","protected":false},"author":1,"featured_media":2925,"parent":1335,"menu_order":0,"comment_status":"closed","ping_status":"closed","template":"elementor_header_footer","meta":{"_acf_changed":false,"inline_featured_image":false,"footnotes":""},"class_list":["post-1344","page","type-page","status-publish","has-post-thumbnail","hentry"],"acf":[],"_links":{"self":[{"href":"https:\/\/www.bek-consulting.eu\/fr\/wp-json\/wp\/v2\/pages\/1344","targetHints":{"allow":["GET"]}}],"collection":[{"href":"https:\/\/www.bek-consulting.eu\/fr\/wp-json\/wp\/v2\/pages"}],"about":[{"href":"https:\/\/www.bek-consulting.eu\/fr\/wp-json\/wp\/v2\/types\/page"}],"author":[{"embeddable":true,"href":"https:\/\/www.bek-consulting.eu\/fr\/wp-json\/wp\/v2\/users\/1"}],"replies":[{"embeddable":true,"href":"https:\/\/www.bek-consulting.eu\/fr\/wp-json\/wp\/v2\/comments?post=1344"}],"version-history":[{"count":4,"href":"https:\/\/www.bek-consulting.eu\/fr\/wp-json\/wp\/v2\/pages\/1344\/revisions"}],"predecessor-version":[{"id":2931,"href":"https:\/\/www.bek-consulting.eu\/fr\/wp-json\/wp\/v2\/pages\/1344\/revisions\/2931"}],"up":[{"embeddable":true,"href":"https:\/\/www.bek-consulting.eu\/fr\/wp-json\/wp\/v2\/pages\/1335"}],"wp:featuredmedia":[{"embeddable":true,"href":"https:\/\/www.bek-consulting.eu\/fr\/wp-json\/wp\/v2\/media\/2925"}],"wp:attachment":[{"href":"https:\/\/www.bek-consulting.eu\/fr\/wp-json\/wp\/v2\/media?parent=1344"}],"curies":[{"name":"wp","href":"https:\/\/api.w.org\/{rel}","templated":true}]}}