{"id":1341,"date":"2021-02-25T15:11:28","date_gmt":"2021-02-25T13:11:28","guid":{"rendered":"https:\/\/www.bek-consulting.eu\/rechtsbijstand\/totaal-verlies\/"},"modified":"2022-02-28T14:15:36","modified_gmt":"2022-02-28T12:15:36","slug":"dommages-incendie-et-assurance-incendie","status":"publish","type":"page","link":"https:\/\/www.bek-consulting.eu\/fr\/assistance-juridique\/dommages-incendie-et-assurance-incendie\/","title":{"rendered":"Assurance incendie"},"content":{"rendered":"\t\t<div data-elementor-type=\"wp-page\" data-elementor-id=\"1341\" class=\"elementor elementor-1341\" data-elementor-post-type=\"page\">\n\t\t\t\t\t\t<section class=\"elementor-section elementor-top-section elementor-element elementor-element-2d86abaf elementor-section-boxed elementor-section-height-default elementor-section-height-default\" data-id=\"2d86abaf\" data-element_type=\"section\" data-settings=\"{&quot;jet_parallax_layout_list&quot;:[{&quot;jet_parallax_layout_image&quot;:{&quot;url&quot;:&quot;&quot;,&quot;id&quot;:&quot;&quot;,&quot;size&quot;:&quot;&quot;},&quot;_id&quot;:&quot;bd17729&quot;,&quot;jet_parallax_layout_speed&quot;:{&quot;unit&quot;:&quot;%&quot;,&quot;size&quot;:&quot;50&quot;,&quot;sizes&quot;:[]},&quot;jet_parallax_layout_bg_x&quot;:&quot;50&quot;,&quot;jet_parallax_layout_bg_y&quot;:&quot;50&quot;,&quot;jet_parallax_layout_image_tablet&quot;:{&quot;url&quot;:&quot;&quot;,&quot;id&quot;:&quot;&quot;,&quot;size&quot;:&quot;&quot;},&quot;jet_parallax_layout_image_mobile&quot;:{&quot;url&quot;:&quot;&quot;,&quot;id&quot;:&quot;&quot;,&quot;size&quot;:&quot;&quot;},&quot;jet_parallax_layout_type&quot;:&quot;scroll&quot;,&quot;jet_parallax_layout_direction&quot;:null,&quot;jet_parallax_layout_fx_direction&quot;:null,&quot;jet_parallax_layout_z_index&quot;:&quot;&quot;,&quot;jet_parallax_layout_bg_x_tablet&quot;:&quot;&quot;,&quot;jet_parallax_layout_bg_x_mobile&quot;:&quot;&quot;,&quot;jet_parallax_layout_bg_y_tablet&quot;:&quot;&quot;,&quot;jet_parallax_layout_bg_y_mobile&quot;:&quot;&quot;,&quot;jet_parallax_layout_bg_size&quot;:&quot;auto&quot;,&quot;jet_parallax_layout_bg_size_tablet&quot;:&quot;&quot;,&quot;jet_parallax_layout_bg_size_mobile&quot;:&quot;&quot;,&quot;jet_parallax_layout_animation_prop&quot;:&quot;transform&quot;,&quot;jet_parallax_layout_on&quot;:[&quot;desktop&quot;,&quot;tablet&quot;]}],&quot;background_background&quot;:&quot;classic&quot;}\">\n\t\t\t\t\t\t\t<div class=\"elementor-background-overlay\"><\/div>\n\t\t\t\t\t\t\t<div class=\"elementor-container elementor-column-gap-no\">\n\t\t\t\t\t<div class=\"elementor-column elementor-col-50 elementor-top-column elementor-element elementor-element-4a78d229\" data-id=\"4a78d229\" data-element_type=\"column\">\n\t\t\t<div class=\"elementor-widget-wrap elementor-element-populated\">\n\t\t\t\t\t\t<div class=\"elementor-element elementor-element-10dac113 elementor-widget elementor-widget-heading\" data-id=\"10dac113\" data-element_type=\"widget\" data-widget_type=\"heading.default\">\n\t\t\t\t<div class=\"elementor-widget-container\">\n\t\t\t\t\t<h1 class=\"elementor-heading-title elementor-size-default\">Assurance incendie<\/h1>\t\t\t\t<\/div>\n\t\t\t\t<\/div>\n\t\t\t\t<div class=\"elementor-element elementor-element-fa6348f elementor-hidden-phone elementor-align-left elementor-widget elementor-widget-raven-breadcrumbs\" data-id=\"fa6348f\" data-element_type=\"widget\" data-widget_type=\"raven-breadcrumbs.default\">\n\t\t\t\t<div class=\"elementor-widget-container\">\n\t\t\t\t\t<div class=\"raven-breadcrumbs raven-breadcrumbs-default\"><div class=\"breadcrumb\">\t\t\t\t<div class=\"breadcrumb-item active\" aria-current=\"page\"><span>Home<\/span><\/div>\n\n\t\t\t\t<\/div><\/div>\t\t\t\t<\/div>\n\t\t\t\t<\/div>\n\t\t\t\t\t<\/div>\n\t\t<\/div>\n\t\t\t\t<div class=\"elementor-column elementor-col-50 elementor-top-column elementor-element elementor-element-6023e9f6\" data-id=\"6023e9f6\" data-element_type=\"column\">\n\t\t\t<div class=\"elementor-widget-wrap\">\n\t\t\t\t\t\t\t<\/div>\n\t\t<\/div>\n\t\t\t\t\t<\/div>\n\t\t<\/section>\n\t\t\t\t<section class=\"elementor-section elementor-top-section elementor-element elementor-element-26a8c97e elementor-reverse-mobile elementor-section-boxed elementor-section-height-default elementor-section-height-default\" data-id=\"26a8c97e\" data-element_type=\"section\" data-settings=\"{&quot;jet_parallax_layout_list&quot;:[{&quot;jet_parallax_layout_image&quot;:{&quot;url&quot;:&quot;&quot;,&quot;id&quot;:&quot;&quot;,&quot;size&quot;:&quot;&quot;},&quot;_id&quot;:&quot;b794500&quot;,&quot;jet_parallax_layout_speed&quot;:{&quot;unit&quot;:&quot;%&quot;,&quot;size&quot;:&quot;50&quot;,&quot;sizes&quot;:[]},&quot;jet_parallax_layout_bg_x&quot;:&quot;50&quot;,&quot;jet_parallax_layout_bg_y&quot;:&quot;50&quot;,&quot;jet_parallax_layout_image_tablet&quot;:{&quot;url&quot;:&quot;&quot;,&quot;id&quot;:&quot;&quot;,&quot;size&quot;:&quot;&quot;},&quot;jet_parallax_layout_image_mobile&quot;:{&quot;url&quot;:&quot;&quot;,&quot;id&quot;:&quot;&quot;,&quot;size&quot;:&quot;&quot;},&quot;jet_parallax_layout_type&quot;:&quot;scroll&quot;,&quot;jet_parallax_layout_direction&quot;:null,&quot;jet_parallax_layout_fx_direction&quot;:null,&quot;jet_parallax_layout_z_index&quot;:&quot;&quot;,&quot;jet_parallax_layout_bg_x_tablet&quot;:&quot;&quot;,&quot;jet_parallax_layout_bg_x_mobile&quot;:&quot;&quot;,&quot;jet_parallax_layout_bg_y_tablet&quot;:&quot;&quot;,&quot;jet_parallax_layout_bg_y_mobile&quot;:&quot;&quot;,&quot;jet_parallax_layout_bg_size&quot;:&quot;auto&quot;,&quot;jet_parallax_layout_bg_size_tablet&quot;:&quot;&quot;,&quot;jet_parallax_layout_bg_size_mobile&quot;:&quot;&quot;,&quot;jet_parallax_layout_animation_prop&quot;:&quot;transform&quot;,&quot;jet_parallax_layout_on&quot;:[&quot;desktop&quot;,&quot;tablet&quot;]}],&quot;background_background&quot;:&quot;classic&quot;}\">\n\t\t\t\t\t\t<div class=\"elementor-container elementor-column-gap-no\">\n\t\t\t\t\t<div class=\"elementor-column elementor-col-50 elementor-top-column elementor-element elementor-element-51defffe\" data-id=\"51defffe\" data-element_type=\"column\">\n\t\t\t<div class=\"elementor-widget-wrap elementor-element-populated\">\n\t\t\t\t\t\t<div class=\"elementor-element elementor-element-6e74cc3 elementor-widget elementor-widget-template\" data-id=\"6e74cc3\" data-element_type=\"widget\" data-widget_type=\"template.default\">\n\t\t\t\t<div class=\"elementor-widget-container\">\n\t\t\t\t\t\t\t<div class=\"elementor-template\">\n\t\t\t\t\t<div data-elementor-type=\"section\" data-elementor-id=\"1327\" class=\"elementor elementor-1327 elementor-1022\" data-elementor-post-type=\"elementor_library\">\n\t\t\t\t\t<section class=\"elementor-section elementor-inner-section elementor-element elementor-element-12d27db5 elementor-section-boxed elementor-section-height-default elementor-section-height-default\" data-id=\"12d27db5\" data-element_type=\"section\" data-settings=\"{&quot;jet_parallax_layout_list&quot;:[{&quot;jet_parallax_layout_image&quot;:{&quot;url&quot;:&quot;&quot;,&quot;id&quot;:&quot;&quot;,&quot;size&quot;:&quot;&quot;},&quot;_id&quot;:&quot;0a3680b&quot;,&quot;jet_parallax_layout_speed&quot;:{&quot;unit&quot;:&quot;%&quot;,&quot;size&quot;:&quot;50&quot;,&quot;sizes&quot;:[]},&quot;jet_parallax_layout_bg_x&quot;:&quot;50&quot;,&quot;jet_parallax_layout_bg_y&quot;:&quot;50&quot;,&quot;jet_parallax_layout_image_tablet&quot;:{&quot;url&quot;:&quot;&quot;,&quot;id&quot;:&quot;&quot;,&quot;size&quot;:&quot;&quot;},&quot;jet_parallax_layout_image_mobile&quot;:{&quot;url&quot;:&quot;&quot;,&quot;id&quot;:&quot;&quot;,&quot;size&quot;:&quot;&quot;},&quot;jet_parallax_layout_type&quot;:&quot;scroll&quot;,&quot;jet_parallax_layout_direction&quot;:null,&quot;jet_parallax_layout_fx_direction&quot;:null,&quot;jet_parallax_layout_z_index&quot;:&quot;&quot;,&quot;jet_parallax_layout_bg_x_tablet&quot;:&quot;&quot;,&quot;jet_parallax_layout_bg_x_mobile&quot;:&quot;&quot;,&quot;jet_parallax_layout_bg_y_tablet&quot;:&quot;&quot;,&quot;jet_parallax_layout_bg_y_mobile&quot;:&quot;&quot;,&quot;jet_parallax_layout_bg_size&quot;:&quot;auto&quot;,&quot;jet_parallax_layout_bg_size_tablet&quot;:&quot;&quot;,&quot;jet_parallax_layout_bg_size_mobile&quot;:&quot;&quot;,&quot;jet_parallax_layout_animation_prop&quot;:&quot;transform&quot;,&quot;jet_parallax_layout_on&quot;:[&quot;desktop&quot;,&quot;tablet&quot;]}]}\">\n\t\t\t\t\t\t<div class=\"elementor-container elementor-column-gap-no\">\n\t\t\t\t\t<div class=\"elementor-column elementor-col-100 elementor-inner-column elementor-element elementor-element-18be328e\" data-id=\"18be328e\" data-element_type=\"column\" data-settings=\"{&quot;background_background&quot;:&quot;classic&quot;}\">\n\t\t\t<div class=\"elementor-widget-wrap elementor-element-populated\">\n\t\t\t\t\t\t<div class=\"elementor-element elementor-element-8a054bc elementor-widget__width-inherit elementor-widget elementor-widget-button\" data-id=\"8a054bc\" data-element_type=\"widget\" data-widget_type=\"button.default\">\n\t\t\t\t<div class=\"elementor-widget-container\">\n\t\t\t\t\t\t\t\t\t<div class=\"elementor-button-wrapper\">\n\t\t\t\t\t<a class=\"elementor-button elementor-button-link elementor-size-sm\" href=\"https:\/\/www.bek-consulting.eu\/fr\/conseiller-juridique\/dommages-incendie-et-assurance-incendie\/\">\n\t\t\t\t\t\t<span class=\"elementor-button-content-wrapper\">\n\t\t\t\t\t\t<span class=\"elementor-button-icon\">\n\t\t\t\t<i aria-hidden=\"true\" class=\"fas fa-angle-right\"><\/i>\t\t\t<\/span>\n\t\t\t\t\t\t\t\t\t<span class=\"elementor-button-text\">Dommages incendie et assurance incendie<\/span>\n\t\t\t\t\t<\/span>\n\t\t\t\t\t<\/a>\n\t\t\t\t<\/div>\n\t\t\t\t\t\t\t\t<\/div>\n\t\t\t\t<\/div>\n\t\t\t\t<div class=\"elementor-element elementor-element-2c143999 elementor-widget__width-inherit elementor-widget elementor-widget-button\" data-id=\"2c143999\" data-element_type=\"widget\" data-widget_type=\"button.default\">\n\t\t\t\t<div class=\"elementor-widget-container\">\n\t\t\t\t\t\t\t\t\t<div class=\"elementor-button-wrapper\">\n\t\t\t\t\t<a class=\"elementor-button elementor-button-link elementor-size-sm\" href=\"https:\/\/www.bek-consulting.eu\/fr\/conseiller-juridique\/contre-expertise-de-voiture-degats-de-tempete-degats-de-chantier\/\">\n\t\t\t\t\t\t<span class=\"elementor-button-content-wrapper\">\n\t\t\t\t\t\t<span class=\"elementor-button-icon\">\n\t\t\t\t<i aria-hidden=\"true\" class=\"fas fa-angle-right\"><\/i>\t\t\t<\/span>\n\t\t\t\t\t\t\t\t\t<span class=\"elementor-button-text\">Contre-expertise<\/span>\n\t\t\t\t\t<\/span>\n\t\t\t\t\t<\/a>\n\t\t\t\t<\/div>\n\t\t\t\t\t\t\t\t<\/div>\n\t\t\t\t<\/div>\n\t\t\t\t<div class=\"elementor-element elementor-element-e5cb154 elementor-widget__width-inherit elementor-widget elementor-widget-button\" data-id=\"e5cb154\" data-element_type=\"widget\" data-widget_type=\"button.default\">\n\t\t\t\t<div class=\"elementor-widget-container\">\n\t\t\t\t\t\t\t\t\t<div class=\"elementor-button-wrapper\">\n\t\t\t\t\t<a class=\"elementor-button elementor-button-link elementor-size-sm\" href=\"https:\/\/www.bek-consulting.eu\/fr\/conseiller-juridique\/garanties\/\">\n\t\t\t\t\t\t<span class=\"elementor-button-content-wrapper\">\n\t\t\t\t\t\t<span class=\"elementor-button-icon\">\n\t\t\t\t<i aria-hidden=\"true\" class=\"fas fa-angle-right\"><\/i>\t\t\t<\/span>\n\t\t\t\t\t\t\t\t\t<span class=\"elementor-button-text\">Garanties<\/span>\n\t\t\t\t\t<\/span>\n\t\t\t\t\t<\/a>\n\t\t\t\t<\/div>\n\t\t\t\t\t\t\t\t<\/div>\n\t\t\t\t<\/div>\n\t\t\t\t<div class=\"elementor-element elementor-element-574063ab elementor-widget__width-inherit elementor-widget elementor-widget-button\" data-id=\"574063ab\" data-element_type=\"widget\" data-widget_type=\"button.default\">\n\t\t\t\t<div class=\"elementor-widget-container\">\n\t\t\t\t\t\t\t\t\t<div class=\"elementor-button-wrapper\">\n\t\t\t\t\t<a class=\"elementor-button elementor-button-link elementor-size-sm\" href=\"https:\/\/www.bek-consulting.eu\/fr\/conseiller-juridique\/dommages-techniques-au-moteur\/\">\n\t\t\t\t\t\t<span class=\"elementor-button-content-wrapper\">\n\t\t\t\t\t\t<span class=\"elementor-button-icon\">\n\t\t\t\t<i aria-hidden=\"true\" class=\"fas fa-angle-right\"><\/i>\t\t\t<\/span>\n\t\t\t\t\t\t\t\t\t<span class=\"elementor-button-text\">Dommages techniques au moteur<\/span>\n\t\t\t\t\t<\/span>\n\t\t\t\t\t<\/a>\n\t\t\t\t<\/div>\n\t\t\t\t\t\t\t\t<\/div>\n\t\t\t\t<\/div>\n\t\t\t\t<div class=\"elementor-element elementor-element-2ba36598 elementor-widget__width-inherit elementor-widget elementor-widget-button\" data-id=\"2ba36598\" data-element_type=\"widget\" data-widget_type=\"button.default\">\n\t\t\t\t<div class=\"elementor-widget-container\">\n\t\t\t\t\t\t\t\t\t<div class=\"elementor-button-wrapper\">\n\t\t\t\t\t<a class=\"elementor-button elementor-button-link elementor-size-sm\" href=\"https:\/\/www.bek-consulting.eu\/fr\/conseiller-juridique\/dommages-au-batiment\/\">\n\t\t\t\t\t\t<span class=\"elementor-button-content-wrapper\">\n\t\t\t\t\t\t<span class=\"elementor-button-icon\">\n\t\t\t\t<i aria-hidden=\"true\" class=\"fas fa-angle-right\"><\/i>\t\t\t<\/span>\n\t\t\t\t\t\t\t\t\t<span class=\"elementor-button-text\">Dommages au b\u00e2timent<\/span>\n\t\t\t\t\t<\/span>\n\t\t\t\t\t<\/a>\n\t\t\t\t<\/div>\n\t\t\t\t\t\t\t\t<\/div>\n\t\t\t\t<\/div>\n\t\t\t\t\t<\/div>\n\t\t<\/div>\n\t\t\t\t\t<\/div>\n\t\t<\/section>\n\t\t\t\t<\/div>\n\t\t\t\t<\/div>\n\t\t\t\t\t\t<\/div>\n\t\t\t\t<\/div>\n\t\t\t\t\t<\/div>\n\t\t<\/div>\n\t\t\t\t<div class=\"elementor-column elementor-col-50 elementor-top-column elementor-element elementor-element-3f354bf9\" data-id=\"3f354bf9\" data-element_type=\"column\">\n\t\t\t<div class=\"elementor-widget-wrap elementor-element-populated\">\n\t\t\t\t\t\t<div class=\"elementor-element elementor-element-6cea1915 elementor-widget elementor-widget-text-editor\" data-id=\"6cea1915\" data-element_type=\"widget\" data-widget_type=\"text-editor.default\">\n\t\t\t\t<div class=\"elementor-widget-container\">\n\t\t\t\t\t\t\t\t\t<h2>Assistance juridique assurance incendie<\/h2><div>\u00a0<\/div><p>Un incendie est un \u00e9v\u00e9nement d\u00e9vastateur, qui entra\u00eene souvent la perte de biens de valeur. Dans de nombreux cas, votre assurance incendie couvre les dommages, mais des probl\u00e8mes surviennent souvent apr\u00e8s un incendie. Votre indemnisation ne couvre pas tous les dommages ou un conflit survient avec la compagnie d&#8217;assurance de l&#8217;autre partie. Chez BEK Consulting, vous pouvez compter sur l&#8217;expertise de nos sp\u00e9cialistes pour une assistance juridique concernant votre assurance incendie apr\u00e8s un incendie ou en cas de dommages caus\u00e9s par le feu.<\/p><p>\u00a0<\/p><h2>Contre-expertise et assistance juridique en cas de dommages caus\u00e9s par un incendie<\/h2><div>\u00a0<\/div><p>Chez BEK Consulting, nous disposons d\u2019experts exp\u00e9riment\u00e9s dans le domaine des incendies et des dommages caus\u00e9s par le feu.<\/p><p>Gr\u00e2ce aux formations et dipl\u00f4mes n\u00e9cessaires dans le domaine des dommages caus\u00e9s par le feu, nous savons exactement comment enqu\u00eater et analyser un sinistre en d\u00e9tail.<\/p><p>Nous essayons de d\u00e9terminer la cause de l&#8217;incendie. Ensuite, nous \u00e9tablissons les dommages subis, tant visibles que cach\u00e9s. Notre contre-expertise est bien document\u00e9e et convaincante. Ainsi, nous augmentons la probabilit\u00e9 d&#8217;une compensation correcte et maximale.<\/p><p>BEK Consulting a de nombreuses ann\u00e9es d&#8217;exp\u00e9rience en mati\u00e8re <a href=\"https:\/\/www.bek-consulting.eu\/fr\/assistance-juridique\/\">d&#8217;assitance juridique<\/a> et de pr\u00e9paration de contre-expertises en cas de dommages caus\u00e9s par un incendie. Nous mettons nos connaissances et notre exp\u00e9rience \u00e0 votre disposition sous la forme d&#8217;une assurance incendie d&#8217;assistance juridique professionnelle.<\/p><p>\u00a0<\/p><h2>Que vous apporte une contre-expertise en cas d&#8217;incendie?<\/h2><div>\u00a0<\/div><p>Vous faites finalement appel \u00e0 votre assurance et un conflit survient ? Un expert de l&#8217;assistance juridique en mati\u00e8re d&#8217;incendie vous d\u00e9fend et fait valoir vos droits.<\/p><ul><li>Contre-expertise ind\u00e9pendante d&#8217;une tierce partie<\/li><li>Examen complet de votre dossier de sinistre d&#8217;assurance incendie<\/li><li>Examen des conditions de la police incendie<\/li><li>D\u00e9claration de perte d\u00e9taill\u00e9e des dommages visibles et cach\u00e9s<\/li><li>Nous nous effor\u00e7ons d&#8217;obtenir une compensation correcte et maximale<\/li><li>Assistance dans les proc\u00e8s et les litiges juridiques<\/li><\/ul><div>\u00a0<\/div><h2>Assistance juridiques assurance incendie BEK Consulting<\/h2><div>\u00a0<\/div><p>L&#8217;assistance juridique de votre assurance incendie sert \u00e0 compl\u00e9ter votre couverture d&#8217;assurance existante. BEK Consulting est une <a href=\"https:\/\/www.bek-consulting.eu\/fr\/\">soci\u00e9t\u00e9 de conseil sp\u00e9cialis\u00e9e<\/a> dans l&#8217;assistance en cas de dommages caus\u00e9s par un incendie.<\/p><p>Nos experts font tout ce qui est en leur pouvoir pour que vous receviez l&#8217;indemnisation \u00e0 laquelle vous avez droit. Laissez-vous assister par un expert qui se bat pour vous. <a href=\"https:\/\/www.bek-consulting.eu\/fr\/contact\/\">Prenez contact avec nous<\/a>.<\/p>\t\t\t\t\t\t\t\t<\/div>\n\t\t\t\t<\/div>\n\t\t\t\t<div class=\"elementor-element elementor-element-5aa1ad4a elementor-widget elementor-widget-raven-image\" data-id=\"5aa1ad4a\" data-element_type=\"widget\" data-widget_type=\"raven-image.default\">\n\t\t\t\t<div class=\"elementor-widget-container\">\n\t\t\t\t\t\t\t<div class=\"raven-image\">\n\t\t\n\t\t\n\t\t<img decoding=\"async\" src=\"https:\/\/www.bek-consulting.eu\/wp-content\/uploads\/elementor\/thumbs\/amber-kipp-uBhkFLhGff0-unsplash-scaled-p9ps9e9liyieojqqhnqggg7vw6obqdlk15hx5xf4zs.jpg\" title=\"amber-kipp-uBhkFLhGff0-unsplash\" alt=\"assistance juridique\" loading=\"lazy\" \/>\t\t<\/div>\n\t\t\t\t\t\t<\/div>\n\t\t\t\t<\/div>\n\t\t\t\t\t<\/div>\n\t\t<\/div>\n\t\t\t\t\t<\/div>\n\t\t<\/section>\n\t\t\t\t<\/div>\n\t\t","protected":false},"excerpt":{"rendered":"<p>Home Assistance juridique assurance incendie Un incendie est un \u00e9v\u00e9nement d\u00e9vastateur, qui entra\u00eene souvent la perte de biens de valeur. Dans de nombreux cas, votre assurance incendie couvre les dommages, mais des probl\u00e8mes surviennent souvent apr\u00e8s un incendie. Votre indemnisation ne couvre pas tous les dommages ou un conflit survient avec la compagnie d&#8217;assurance de [&hellip;]<\/p>\n","protected":false},"author":1,"featured_media":0,"parent":1335,"menu_order":0,"comment_status":"closed","ping_status":"closed","template":"elementor_header_footer","meta":{"_acf_changed":false,"inline_featured_image":false,"footnotes":""},"class_list":["post-1341","page","type-page","status-publish","hentry"],"acf":[],"_links":{"self":[{"href":"https:\/\/www.bek-consulting.eu\/fr\/wp-json\/wp\/v2\/pages\/1341","targetHints":{"allow":["GET"]}}],"collection":[{"href":"https:\/\/www.bek-consulting.eu\/fr\/wp-json\/wp\/v2\/pages"}],"about":[{"href":"https:\/\/www.bek-consulting.eu\/fr\/wp-json\/wp\/v2\/types\/page"}],"author":[{"embeddable":true,"href":"https:\/\/www.bek-consulting.eu\/fr\/wp-json\/wp\/v2\/users\/1"}],"replies":[{"embeddable":true,"href":"https:\/\/www.bek-consulting.eu\/fr\/wp-json\/wp\/v2\/comments?post=1341"}],"version-history":[{"count":6,"href":"https:\/\/www.bek-consulting.eu\/fr\/wp-json\/wp\/v2\/pages\/1341\/revisions"}],"predecessor-version":[{"id":2975,"href":"https:\/\/www.bek-consulting.eu\/fr\/wp-json\/wp\/v2\/pages\/1341\/revisions\/2975"}],"up":[{"embeddable":true,"href":"https:\/\/www.bek-consulting.eu\/fr\/wp-json\/wp\/v2\/pages\/1335"}],"wp:attachment":[{"href":"https:\/\/www.bek-consulting.eu\/fr\/wp-json\/wp\/v2\/media?parent=1341"}],"curies":[{"name":"wp","href":"https:\/\/api.w.org\/{rel}","templated":true}]}}