{"id":1326,"date":"2021-03-12T15:29:11","date_gmt":"2021-03-12T13:29:11","guid":{"rendered":"https:\/\/www.bek-consulting.eu\/rechtsbijstand-auto\/"},"modified":"2025-08-26T12:47:17","modified_gmt":"2025-08-26T10:47:17","slug":"dommages-techniques-au-moteur","status":"publish","type":"page","link":"https:\/\/www.bek-consulting.eu\/fr\/assistance-juridique\/dommages-techniques-au-moteur\/","title":{"rendered":"Dommages techniques au moteur"},"content":{"rendered":"\t\t<div data-elementor-type=\"wp-page\" data-elementor-id=\"1326\" class=\"elementor elementor-1326 elementor-1290\" data-elementor-post-type=\"page\">\n\t\t\t\t\t\t<section class=\"elementor-section elementor-top-section elementor-element elementor-element-4c91b2ac elementor-section-boxed elementor-section-height-default elementor-section-height-default\" data-id=\"4c91b2ac\" data-element_type=\"section\" data-settings=\"{&quot;jet_parallax_layout_list&quot;:[{&quot;jet_parallax_layout_image&quot;:{&quot;url&quot;:&quot;&quot;,&quot;id&quot;:&quot;&quot;,&quot;size&quot;:&quot;&quot;},&quot;_id&quot;:&quot;bd17729&quot;,&quot;jet_parallax_layout_speed&quot;:{&quot;unit&quot;:&quot;%&quot;,&quot;size&quot;:&quot;50&quot;,&quot;sizes&quot;:[]},&quot;jet_parallax_layout_bg_x&quot;:&quot;50&quot;,&quot;jet_parallax_layout_bg_y&quot;:&quot;50&quot;,&quot;jet_parallax_layout_image_tablet&quot;:{&quot;url&quot;:&quot;&quot;,&quot;id&quot;:&quot;&quot;,&quot;size&quot;:&quot;&quot;},&quot;jet_parallax_layout_image_mobile&quot;:{&quot;url&quot;:&quot;&quot;,&quot;id&quot;:&quot;&quot;,&quot;size&quot;:&quot;&quot;},&quot;jet_parallax_layout_type&quot;:&quot;scroll&quot;,&quot;jet_parallax_layout_direction&quot;:null,&quot;jet_parallax_layout_fx_direction&quot;:null,&quot;jet_parallax_layout_z_index&quot;:&quot;&quot;,&quot;jet_parallax_layout_bg_x_tablet&quot;:&quot;&quot;,&quot;jet_parallax_layout_bg_x_mobile&quot;:&quot;&quot;,&quot;jet_parallax_layout_bg_y_tablet&quot;:&quot;&quot;,&quot;jet_parallax_layout_bg_y_mobile&quot;:&quot;&quot;,&quot;jet_parallax_layout_bg_size&quot;:&quot;auto&quot;,&quot;jet_parallax_layout_bg_size_tablet&quot;:&quot;&quot;,&quot;jet_parallax_layout_bg_size_mobile&quot;:&quot;&quot;,&quot;jet_parallax_layout_animation_prop&quot;:&quot;transform&quot;,&quot;jet_parallax_layout_on&quot;:[&quot;desktop&quot;,&quot;tablet&quot;]}],&quot;background_background&quot;:&quot;classic&quot;}\">\n\t\t\t\t\t\t\t<div class=\"elementor-background-overlay\"><\/div>\n\t\t\t\t\t\t\t<div class=\"elementor-container elementor-column-gap-no\">\n\t\t\t\t\t<div class=\"elementor-column elementor-col-50 elementor-top-column elementor-element elementor-element-2da4f55c\" data-id=\"2da4f55c\" data-element_type=\"column\">\n\t\t\t<div class=\"elementor-widget-wrap elementor-element-populated\">\n\t\t\t\t\t\t<div class=\"elementor-element elementor-element-223fa9d6 elementor-widget elementor-widget-heading\" data-id=\"223fa9d6\" data-element_type=\"widget\" data-widget_type=\"heading.default\">\n\t\t\t\t<div class=\"elementor-widget-container\">\n\t\t\t\t\t<h1 class=\"elementor-heading-title elementor-size-default\">Dommages techniques au moteur<\/h1>\t\t\t\t<\/div>\n\t\t\t\t<\/div>\n\t\t\t\t<div class=\"elementor-element elementor-element-660e56d3 elementor-hidden-phone elementor-align-left elementor-widget elementor-widget-raven-breadcrumbs\" data-id=\"660e56d3\" data-element_type=\"widget\" data-widget_type=\"raven-breadcrumbs.default\">\n\t\t\t\t<div class=\"elementor-widget-container\">\n\t\t\t\t\t<div class=\"raven-breadcrumbs raven-breadcrumbs-default\"><div class=\"breadcrumb\">\t\t\t\t<div class=\"breadcrumb-item active\" aria-current=\"page\"><span>Home<\/span><\/div>\n\n\t\t\t\t<\/div><\/div>\t\t\t\t<\/div>\n\t\t\t\t<\/div>\n\t\t\t\t\t<\/div>\n\t\t<\/div>\n\t\t\t\t<div class=\"elementor-column elementor-col-50 elementor-top-column elementor-element elementor-element-4719d96\" data-id=\"4719d96\" data-element_type=\"column\">\n\t\t\t<div class=\"elementor-widget-wrap\">\n\t\t\t\t\t\t\t<\/div>\n\t\t<\/div>\n\t\t\t\t\t<\/div>\n\t\t<\/section>\n\t\t\t\t<section class=\"elementor-section elementor-top-section elementor-element elementor-element-53efd3a7 elementor-reverse-mobile elementor-section-boxed elementor-section-height-default elementor-section-height-default\" data-id=\"53efd3a7\" data-element_type=\"section\" data-settings=\"{&quot;jet_parallax_layout_list&quot;:[{&quot;jet_parallax_layout_image&quot;:{&quot;url&quot;:&quot;&quot;,&quot;id&quot;:&quot;&quot;,&quot;size&quot;:&quot;&quot;},&quot;_id&quot;:&quot;b794500&quot;,&quot;jet_parallax_layout_speed&quot;:{&quot;unit&quot;:&quot;%&quot;,&quot;size&quot;:&quot;50&quot;,&quot;sizes&quot;:[]},&quot;jet_parallax_layout_bg_x&quot;:&quot;50&quot;,&quot;jet_parallax_layout_bg_y&quot;:&quot;50&quot;,&quot;jet_parallax_layout_image_tablet&quot;:{&quot;url&quot;:&quot;&quot;,&quot;id&quot;:&quot;&quot;,&quot;size&quot;:&quot;&quot;},&quot;jet_parallax_layout_image_mobile&quot;:{&quot;url&quot;:&quot;&quot;,&quot;id&quot;:&quot;&quot;,&quot;size&quot;:&quot;&quot;},&quot;jet_parallax_layout_type&quot;:&quot;scroll&quot;,&quot;jet_parallax_layout_direction&quot;:null,&quot;jet_parallax_layout_fx_direction&quot;:null,&quot;jet_parallax_layout_z_index&quot;:&quot;&quot;,&quot;jet_parallax_layout_bg_x_tablet&quot;:&quot;&quot;,&quot;jet_parallax_layout_bg_x_mobile&quot;:&quot;&quot;,&quot;jet_parallax_layout_bg_y_tablet&quot;:&quot;&quot;,&quot;jet_parallax_layout_bg_y_mobile&quot;:&quot;&quot;,&quot;jet_parallax_layout_bg_size&quot;:&quot;auto&quot;,&quot;jet_parallax_layout_bg_size_tablet&quot;:&quot;&quot;,&quot;jet_parallax_layout_bg_size_mobile&quot;:&quot;&quot;,&quot;jet_parallax_layout_animation_prop&quot;:&quot;transform&quot;,&quot;jet_parallax_layout_on&quot;:[&quot;desktop&quot;,&quot;tablet&quot;]}],&quot;background_background&quot;:&quot;classic&quot;}\">\n\t\t\t\t\t\t<div class=\"elementor-container elementor-column-gap-no\">\n\t\t\t\t\t<div class=\"elementor-column elementor-col-50 elementor-top-column elementor-element elementor-element-15e3aeee\" data-id=\"15e3aeee\" data-element_type=\"column\">\n\t\t\t<div class=\"elementor-widget-wrap elementor-element-populated\">\n\t\t\t\t\t\t<div class=\"elementor-element elementor-element-4c8780d5 elementor-widget elementor-widget-template\" data-id=\"4c8780d5\" data-element_type=\"widget\" data-widget_type=\"template.default\">\n\t\t\t\t<div class=\"elementor-widget-container\">\n\t\t\t\t\t\t\t<div class=\"elementor-template\">\n\t\t\t\t\t<div data-elementor-type=\"section\" data-elementor-id=\"1327\" class=\"elementor elementor-1327 elementor-1022\" data-elementor-post-type=\"elementor_library\">\n\t\t\t\t\t<section class=\"elementor-section elementor-inner-section elementor-element elementor-element-12d27db5 elementor-section-boxed elementor-section-height-default elementor-section-height-default\" data-id=\"12d27db5\" data-element_type=\"section\" data-settings=\"{&quot;jet_parallax_layout_list&quot;:[{&quot;jet_parallax_layout_image&quot;:{&quot;url&quot;:&quot;&quot;,&quot;id&quot;:&quot;&quot;,&quot;size&quot;:&quot;&quot;},&quot;_id&quot;:&quot;0a3680b&quot;,&quot;jet_parallax_layout_speed&quot;:{&quot;unit&quot;:&quot;%&quot;,&quot;size&quot;:&quot;50&quot;,&quot;sizes&quot;:[]},&quot;jet_parallax_layout_bg_x&quot;:&quot;50&quot;,&quot;jet_parallax_layout_bg_y&quot;:&quot;50&quot;,&quot;jet_parallax_layout_image_tablet&quot;:{&quot;url&quot;:&quot;&quot;,&quot;id&quot;:&quot;&quot;,&quot;size&quot;:&quot;&quot;},&quot;jet_parallax_layout_image_mobile&quot;:{&quot;url&quot;:&quot;&quot;,&quot;id&quot;:&quot;&quot;,&quot;size&quot;:&quot;&quot;},&quot;jet_parallax_layout_type&quot;:&quot;scroll&quot;,&quot;jet_parallax_layout_direction&quot;:null,&quot;jet_parallax_layout_fx_direction&quot;:null,&quot;jet_parallax_layout_z_index&quot;:&quot;&quot;,&quot;jet_parallax_layout_bg_x_tablet&quot;:&quot;&quot;,&quot;jet_parallax_layout_bg_x_mobile&quot;:&quot;&quot;,&quot;jet_parallax_layout_bg_y_tablet&quot;:&quot;&quot;,&quot;jet_parallax_layout_bg_y_mobile&quot;:&quot;&quot;,&quot;jet_parallax_layout_bg_size&quot;:&quot;auto&quot;,&quot;jet_parallax_layout_bg_size_tablet&quot;:&quot;&quot;,&quot;jet_parallax_layout_bg_size_mobile&quot;:&quot;&quot;,&quot;jet_parallax_layout_animation_prop&quot;:&quot;transform&quot;,&quot;jet_parallax_layout_on&quot;:[&quot;desktop&quot;,&quot;tablet&quot;]}]}\">\n\t\t\t\t\t\t<div class=\"elementor-container elementor-column-gap-no\">\n\t\t\t\t\t<div class=\"elementor-column elementor-col-100 elementor-inner-column elementor-element elementor-element-18be328e\" data-id=\"18be328e\" data-element_type=\"column\" data-settings=\"{&quot;background_background&quot;:&quot;classic&quot;}\">\n\t\t\t<div class=\"elementor-widget-wrap elementor-element-populated\">\n\t\t\t\t\t\t<div class=\"elementor-element elementor-element-8a054bc elementor-widget__width-inherit elementor-widget elementor-widget-button\" data-id=\"8a054bc\" data-element_type=\"widget\" data-widget_type=\"button.default\">\n\t\t\t\t<div class=\"elementor-widget-container\">\n\t\t\t\t\t\t\t\t\t<div class=\"elementor-button-wrapper\">\n\t\t\t\t\t<a class=\"elementor-button elementor-button-link elementor-size-sm\" href=\"https:\/\/www.bek-consulting.eu\/fr\/conseiller-juridique\/dommages-incendie-et-assurance-incendie\/\">\n\t\t\t\t\t\t<span class=\"elementor-button-content-wrapper\">\n\t\t\t\t\t\t<span class=\"elementor-button-icon\">\n\t\t\t\t<i aria-hidden=\"true\" class=\"fas fa-angle-right\"><\/i>\t\t\t<\/span>\n\t\t\t\t\t\t\t\t\t<span class=\"elementor-button-text\">Dommages incendie et assurance incendie<\/span>\n\t\t\t\t\t<\/span>\n\t\t\t\t\t<\/a>\n\t\t\t\t<\/div>\n\t\t\t\t\t\t\t\t<\/div>\n\t\t\t\t<\/div>\n\t\t\t\t<div class=\"elementor-element elementor-element-2c143999 elementor-widget__width-inherit elementor-widget elementor-widget-button\" data-id=\"2c143999\" data-element_type=\"widget\" data-widget_type=\"button.default\">\n\t\t\t\t<div class=\"elementor-widget-container\">\n\t\t\t\t\t\t\t\t\t<div class=\"elementor-button-wrapper\">\n\t\t\t\t\t<a class=\"elementor-button elementor-button-link elementor-size-sm\" href=\"https:\/\/www.bek-consulting.eu\/fr\/conseiller-juridique\/contre-expertise-de-voiture-degats-de-tempete-degats-de-chantier\/\">\n\t\t\t\t\t\t<span class=\"elementor-button-content-wrapper\">\n\t\t\t\t\t\t<span class=\"elementor-button-icon\">\n\t\t\t\t<i aria-hidden=\"true\" class=\"fas fa-angle-right\"><\/i>\t\t\t<\/span>\n\t\t\t\t\t\t\t\t\t<span class=\"elementor-button-text\">Contre-expertise<\/span>\n\t\t\t\t\t<\/span>\n\t\t\t\t\t<\/a>\n\t\t\t\t<\/div>\n\t\t\t\t\t\t\t\t<\/div>\n\t\t\t\t<\/div>\n\t\t\t\t<div class=\"elementor-element elementor-element-e5cb154 elementor-widget__width-inherit elementor-widget elementor-widget-button\" data-id=\"e5cb154\" data-element_type=\"widget\" data-widget_type=\"button.default\">\n\t\t\t\t<div class=\"elementor-widget-container\">\n\t\t\t\t\t\t\t\t\t<div class=\"elementor-button-wrapper\">\n\t\t\t\t\t<a class=\"elementor-button elementor-button-link elementor-size-sm\" href=\"https:\/\/www.bek-consulting.eu\/fr\/conseiller-juridique\/garanties\/\">\n\t\t\t\t\t\t<span class=\"elementor-button-content-wrapper\">\n\t\t\t\t\t\t<span class=\"elementor-button-icon\">\n\t\t\t\t<i aria-hidden=\"true\" class=\"fas fa-angle-right\"><\/i>\t\t\t<\/span>\n\t\t\t\t\t\t\t\t\t<span class=\"elementor-button-text\">Garanties<\/span>\n\t\t\t\t\t<\/span>\n\t\t\t\t\t<\/a>\n\t\t\t\t<\/div>\n\t\t\t\t\t\t\t\t<\/div>\n\t\t\t\t<\/div>\n\t\t\t\t<div class=\"elementor-element elementor-element-574063ab elementor-widget__width-inherit elementor-widget elementor-widget-button\" data-id=\"574063ab\" data-element_type=\"widget\" data-widget_type=\"button.default\">\n\t\t\t\t<div class=\"elementor-widget-container\">\n\t\t\t\t\t\t\t\t\t<div class=\"elementor-button-wrapper\">\n\t\t\t\t\t<a class=\"elementor-button elementor-button-link elementor-size-sm\" href=\"https:\/\/www.bek-consulting.eu\/fr\/conseiller-juridique\/dommages-techniques-au-moteur\/\">\n\t\t\t\t\t\t<span class=\"elementor-button-content-wrapper\">\n\t\t\t\t\t\t<span class=\"elementor-button-icon\">\n\t\t\t\t<i aria-hidden=\"true\" class=\"fas fa-angle-right\"><\/i>\t\t\t<\/span>\n\t\t\t\t\t\t\t\t\t<span class=\"elementor-button-text\">Dommages techniques au moteur<\/span>\n\t\t\t\t\t<\/span>\n\t\t\t\t\t<\/a>\n\t\t\t\t<\/div>\n\t\t\t\t\t\t\t\t<\/div>\n\t\t\t\t<\/div>\n\t\t\t\t<div class=\"elementor-element elementor-element-2ba36598 elementor-widget__width-inherit elementor-widget elementor-widget-button\" data-id=\"2ba36598\" data-element_type=\"widget\" data-widget_type=\"button.default\">\n\t\t\t\t<div class=\"elementor-widget-container\">\n\t\t\t\t\t\t\t\t\t<div class=\"elementor-button-wrapper\">\n\t\t\t\t\t<a class=\"elementor-button elementor-button-link elementor-size-sm\" href=\"https:\/\/www.bek-consulting.eu\/fr\/conseiller-juridique\/dommages-au-batiment\/\">\n\t\t\t\t\t\t<span class=\"elementor-button-content-wrapper\">\n\t\t\t\t\t\t<span class=\"elementor-button-icon\">\n\t\t\t\t<i aria-hidden=\"true\" class=\"fas fa-angle-right\"><\/i>\t\t\t<\/span>\n\t\t\t\t\t\t\t\t\t<span class=\"elementor-button-text\">Dommages au b\u00e2timent<\/span>\n\t\t\t\t\t<\/span>\n\t\t\t\t\t<\/a>\n\t\t\t\t<\/div>\n\t\t\t\t\t\t\t\t<\/div>\n\t\t\t\t<\/div>\n\t\t\t\t\t<\/div>\n\t\t<\/div>\n\t\t\t\t\t<\/div>\n\t\t<\/section>\n\t\t\t\t<\/div>\n\t\t\t\t<\/div>\n\t\t\t\t\t\t<\/div>\n\t\t\t\t<\/div>\n\t\t\t\t\t<\/div>\n\t\t<\/div>\n\t\t\t\t<div class=\"elementor-column elementor-col-50 elementor-top-column elementor-element elementor-element-4e4acf80\" data-id=\"4e4acf80\" data-element_type=\"column\">\n\t\t\t<div class=\"elementor-widget-wrap elementor-element-populated\">\n\t\t\t\t\t\t<div class=\"elementor-element elementor-element-1e30ad04 elementor-widget elementor-widget-text-editor\" data-id=\"1e30ad04\" data-element_type=\"widget\" data-widget_type=\"text-editor.default\">\n\t\t\t\t<div class=\"elementor-widget-container\">\n\t\t\t\t\t\t\t\t\t<h2><span style=\"color: #000000;\">Dommages techniques au moteur<\/span><\/h2>\n<p><br><\/p>\n<p>Les dommages techniques au moteur sont un probl\u00e8me courant. Malheureusement, elle survient le plus souvent juste apr\u00e8s la p\u00e9riode de garantie l\u00e9gale. Le probl\u00e8me technique ou l&#8217;avarie entra\u00eene de nombreux co\u00fbts et d\u00e9sagr\u00e9ments. En outre, il s&#8217;agit souvent d&#8217;un probl\u00e8me qui tombe sous le coup de la garantie.   <\/p>\n<p>BEK Consulting se fera un plaisir de vous aider en proc\u00e9dant \u00e0 une analyse compl\u00e8te des dommages. Nous pourrons ainsi d\u00e9terminer s&#8217;il s&#8217;agit d&#8217;une usure normale ou d&#8217;un d\u00e9faut de construction du fabricant. <\/p>\n<h2><br><\/h2>\n<h2>Qu&#8217;est-ce qu&#8217;une avarie technique du moteur ?<\/h2>\n<p><br><\/p>\n<p>Une avarie technique du moteur est un dommage, une panne ou un dysfonctionnement de l&#8217;un des composants techniques de la voiture. Il peut s&#8217;agir d&#8217;un d\u00e9faut du moteur lui-m\u00eame, de probl\u00e8mes li\u00e9s \u00e0 la bo\u00eete de vitesses, \u00e0 la suspension ou aux freins. <\/p>\n<p>Les dommages techniques caus\u00e9s aux moteurs peuvent \u00eatre dus \u00e0 l&#8217;usure, mais il existe souvent une autre cause. Une erreur de fabrication ou d&#8217;assemblage peut avoir des cons\u00e9quences importantes qui ne se r\u00e9v\u00e8lent qu&#8217;apr\u00e8s un certain temps. Les dommages caus\u00e9s \u00e0 un v\u00e9hicule peuvent \u00e9galement survenir lors d&#8217;une r\u00e9paration de carrosserie ou d&#8217;une r\u00e9paration de dommages.  <\/p>\n<h2><br><\/h2>\n<h2>Comment pouvons-nous vous aider en cas d&#8217;avarie technique du moteur ?<\/h2>\n<p><br><\/p>\n<p>BEK Consulting est sp\u00e9cialis\u00e9 dans les voitures. Nous travaillons avec plusieurs constructeurs automobiles. Dans notre \u00e9quipe, nous pouvons compter sur l&#8217;exp\u00e9rience et le savoir-faire d&#8217;experts en dommages. Pour la contre-expertise technique de votre cas de dommage, nous examinons soigneusement l&#8217;\u00e9tat de la voiture pour \u00e9tablir la contre-expertise.   <\/p>\n<ul>\n<li>Examen et analyse des v\u00e9hicules<\/li>\n<li>V\u00e9rifier l&#8217;historique du v\u00e9hicule<\/li>\n<li>Rapport d\u00e9taill\u00e9 sur l&#8217;\u00e9tat actuel du v\u00e9hicule<\/li>\n<li>Expertise physique ou contre-expertise technique<\/li>\n<li>Mod\u00e9ration entre les diff\u00e9rentes parties, en vue de parvenir \u00e0 une solution acceptable<\/li>\n<\/ul>\n<h2><br><\/h2>\n<h2>Assistance juridique par un cabinet d&#8217;experts exp\u00e9riment\u00e9s<\/h2>\n<p><br><\/p><p>Vous n&#8217;\u00eates pas d&#8217;accord avec l&#8217;indemnisation qui vous a \u00e9t\u00e9 propos\u00e9e ? Votre dommage se situe juste en dehors de la p\u00e9riode de garantie l\u00e9gale ou le dommage n&#8217;est pas accept\u00e9 ? Le dommage est peut-\u00eatre survenu lors d&#8217;un entretien ou d&#8217;une r\u00e9paration. BEK Consulting vous aidera \u00e0 trouver la meilleure solution possible pour l&#8217;avarie technique du moteur de votre v\u00e9hicule.   <\/p>\n<h2><br><\/h2><h2>Faites appel \u00e0 un expert en dommages pour l&#8217;analyse technique de votre v\u00e9hicule<\/h2>\t\t\t\t\t\t\t\t<\/div>\n\t\t\t\t<\/div>\n\t\t\t\t<div class=\"elementor-element elementor-element-5e19943 elementor-widget elementor-widget-raven-image\" data-id=\"5e19943\" data-element_type=\"widget\" data-widget_type=\"raven-image.default\">\n\t\t\t\t<div class=\"elementor-widget-container\">\n\t\t\t\t\t\t\t<div class=\"raven-image\">\n\t\t\n\t\t\n\t\t<img fetchpriority=\"high\" decoding=\"async\" width=\"2560\" height=\"1707\" src=\"https:\/\/www.bek-consulting.eu\/wp-content\/uploads\/2021\/02\/clark-van-der-beken-CSkriQWeTVs-unsplash-scaled.jpg\" class=\"attachment-full size-full wp-image-568\" alt=\"Expertisebureau technische motorschade\" srcset=\"https:\/\/www.bek-consulting.eu\/wp-content\/uploads\/2021\/02\/clark-van-der-beken-CSkriQWeTVs-unsplash-scaled.jpg 2560w, https:\/\/www.bek-consulting.eu\/wp-content\/uploads\/2021\/02\/clark-van-der-beken-CSkriQWeTVs-unsplash-300x200.jpg 300w, https:\/\/www.bek-consulting.eu\/wp-content\/uploads\/2021\/02\/clark-van-der-beken-CSkriQWeTVs-unsplash-1024x683.jpg 1024w, https:\/\/www.bek-consulting.eu\/wp-content\/uploads\/2021\/02\/clark-van-der-beken-CSkriQWeTVs-unsplash-768x512.jpg 768w, https:\/\/www.bek-consulting.eu\/wp-content\/uploads\/2021\/02\/clark-van-der-beken-CSkriQWeTVs-unsplash-1536x1024.jpg 1536w, https:\/\/www.bek-consulting.eu\/wp-content\/uploads\/2021\/02\/clark-van-der-beken-CSkriQWeTVs-unsplash-2048x1365.jpg 2048w\" sizes=\"(max-width: 2560px) 100vw, 2560px\" \/>\t\t<\/div>\n\t\t\t\t\t\t<\/div>\n\t\t\t\t<\/div>\n\t\t\t\t\t<\/div>\n\t\t<\/div>\n\t\t\t\t\t<\/div>\n\t\t<\/section>\n\t\t\t\t<\/div>\n\t\t","protected":false},"excerpt":{"rendered":"<p>Home Dommages techniques au moteur Les dommages techniques au moteur sont un probl\u00e8me courant. Malheureusement, elle survient le plus souvent juste apr\u00e8s la p\u00e9riode de garantie l\u00e9gale. Le probl\u00e8me technique ou l&#8217;avarie entra\u00eene de nombreux co\u00fbts et d\u00e9sagr\u00e9ments. En outre, il s&#8217;agit souvent d&#8217;un probl\u00e8me qui tombe sous le coup de la garantie. BEK Consulting [&hellip;]<\/p>\n","protected":false},"author":1,"featured_media":2933,"parent":1335,"menu_order":0,"comment_status":"closed","ping_status":"closed","template":"elementor_header_footer","meta":{"_acf_changed":false,"inline_featured_image":false,"footnotes":""},"class_list":["post-1326","page","type-page","status-publish","has-post-thumbnail","hentry"],"acf":[],"_links":{"self":[{"href":"https:\/\/www.bek-consulting.eu\/fr\/wp-json\/wp\/v2\/pages\/1326","targetHints":{"allow":["GET"]}}],"collection":[{"href":"https:\/\/www.bek-consulting.eu\/fr\/wp-json\/wp\/v2\/pages"}],"about":[{"href":"https:\/\/www.bek-consulting.eu\/fr\/wp-json\/wp\/v2\/types\/page"}],"author":[{"embeddable":true,"href":"https:\/\/www.bek-consulting.eu\/fr\/wp-json\/wp\/v2\/users\/1"}],"replies":[{"embeddable":true,"href":"https:\/\/www.bek-consulting.eu\/fr\/wp-json\/wp\/v2\/comments?post=1326"}],"version-history":[{"count":6,"href":"https:\/\/www.bek-consulting.eu\/fr\/wp-json\/wp\/v2\/pages\/1326\/revisions"}],"predecessor-version":[{"id":3757,"href":"https:\/\/www.bek-consulting.eu\/fr\/wp-json\/wp\/v2\/pages\/1326\/revisions\/3757"}],"up":[{"embeddable":true,"href":"https:\/\/www.bek-consulting.eu\/fr\/wp-json\/wp\/v2\/pages\/1335"}],"wp:featuredmedia":[{"embeddable":true,"href":"https:\/\/www.bek-consulting.eu\/fr\/wp-json\/wp\/v2\/media\/2933"}],"wp:attachment":[{"href":"https:\/\/www.bek-consulting.eu\/fr\/wp-json\/wp\/v2\/media?parent=1326"}],"curies":[{"name":"wp","href":"https:\/\/api.w.org\/{rel}","templated":true}]}}